{"id":2681,"date":"2012-08-08T13:21:52","date_gmt":"2012-08-08T11:21:52","guid":{"rendered":"http:\/\/www.botanischer-garten-wuppertal.de\/wordpress\/?page_id=2681"},"modified":"2026-02-19T10:58:41","modified_gmt":"2026-02-19T09:58:41","slug":"mitgliedsantrag","status":"publish","type":"page","link":"https:\/\/www.botanischer-garten-wuppertal.de\/wordpress\/?page_id=2681","title":{"rendered":"Mitgliedsantrag"},"content":{"rendered":"<p><strong>Ihr Mitgliedsantrag\/Beitrittserkl\u00e4rung zum F\u00f6rderverein<\/strong><\/p>\n<p><a href=\"http:\/\/www.botanischer-garten-wuppertal.de\/wordpress\/wp-content\/uploads\/2026\/02\/Beitrittserklaerung_digital.pdf\" target=\"_blank\" rel=\"noopener\">Beitrittserkl\u00e4rung<\/a> als pdf-Datei<\/p>\n<p>&nbsp;<\/p>\n<p>Um die PDF-Datei anzeigen zu k\u00f6nnen, muss das Programm<br \/>\nAdobe\u00ae Reader\u00ae<br \/>\nauf dem PC installiert sein.<\/p>\n<p><a href=\"http:\/\/www.adobe.com\/de\/products\/acrobat\/readstep2.html\" target=\"_blank\" rel=\"noopener\"><img loading=\"lazy\" decoding=\"async\" src=\"http:\/\/www.botanischer-garten-wuppertal.de\/images\/getadobereader_510.gif\" alt=\"\" width=\"112\" height=\"33\" border=\"0\" \/><\/a><\/p>\n<p>&nbsp;<\/p>\n<div><\/div>\n","protected":false},"excerpt":{"rendered":"<p>Ihr Mitgliedsantrag\/Beitrittserkl\u00e4rung zum F\u00f6rderverein Beitrittserkl\u00e4rung als pdf-Datei &nbsp; Um die PDF-Datei anzeigen zu k\u00f6nnen, muss das Programm Adobe\u00ae Reader\u00ae auf dem PC installiert sein. &nbsp;<\/p>\n","protected":false},"author":1,"featured_media":0,"parent":100,"menu_order":4,"comment_status":"closed","ping_status":"closed","template":"onecolumn-page.php","meta":{"footnotes":""},"class_list":["post-2681","page","type-page","status-publish","hentry"],"_links":{"self":[{"href":"https:\/\/www.botanischer-garten-wuppertal.de\/wordpress\/index.php?rest_route=\/wp\/v2\/pages\/2681","targetHints":{"allow":["GET"]}}],"collection":[{"href":"https:\/\/www.botanischer-garten-wuppertal.de\/wordpress\/index.php?rest_route=\/wp\/v2\/pages"}],"about":[{"href":"https:\/\/www.botanischer-garten-wuppertal.de\/wordpress\/index.php?rest_route=\/wp\/v2\/types\/page"}],"author":[{"embeddable":true,"href":"https:\/\/www.botanischer-garten-wuppertal.de\/wordpress\/index.php?rest_route=\/wp\/v2\/users\/1"}],"replies":[{"embeddable":true,"href":"https:\/\/www.botanischer-garten-wuppertal.de\/wordpress\/index.php?rest_route=%2Fwp%2Fv2%2Fcomments&post=2681"}],"version-history":[{"count":16,"href":"https:\/\/www.botanischer-garten-wuppertal.de\/wordpress\/index.php?rest_route=\/wp\/v2\/pages\/2681\/revisions"}],"predecessor-version":[{"id":10506,"href":"https:\/\/www.botanischer-garten-wuppertal.de\/wordpress\/index.php?rest_route=\/wp\/v2\/pages\/2681\/revisions\/10506"}],"up":[{"embeddable":true,"href":"https:\/\/www.botanischer-garten-wuppertal.de\/wordpress\/index.php?rest_route=\/wp\/v2\/pages\/100"}],"wp:attachment":[{"href":"https:\/\/www.botanischer-garten-wuppertal.de\/wordpress\/index.php?rest_route=%2Fwp%2Fv2%2Fmedia&parent=2681"}],"curies":[{"name":"wp","href":"https:\/\/api.w.org\/{rel}","templated":true}]}}