{"id":88,"date":"2012-02-21T11:48:32","date_gmt":"2012-02-21T10:48:32","guid":{"rendered":"http:\/\/www.botanischer-garten-wuppertal.de\/wordpress\/?page_id=88"},"modified":"2026-01-09T11:44:48","modified_gmt":"2026-01-09T10:44:48","slug":"sonstige-veranstaltungen","status":"publish","type":"page","link":"http:\/\/www.botanischer-garten-wuppertal.de\/wordpress\/?page_id=88","title":{"rendered":"Sonstige Veranstaltungen"},"content":{"rendered":"<hr class=\"wp-block-separator has-alpha-channel-opacity is-style-wide\" \/>\r\n\r\n\r\n<h2 class=\"has-text-align-center wp-block-heading\" style=\"text-align: center;\"><strong>Deutsch geht gut \u2013 Lernspaziergang <\/strong><\/h2>\r\n<p class=\"has-text-align-center\" style=\"text-align: center;\"><strong>F\u00fcr Menschen mit Flucht- oder Migrationshintergrund <br \/>und alle, die Deutsch lernen wollen.<\/strong><\/p>\r\n<p class=\"has-text-align-center\" style=\"text-align: center;\"><strong>Ganzj\u00e4hrig 2026, samstags <\/strong>(au\u00dfer im Monat Februar)<br \/><strong>16.00 \u2013 18.00 Uhr (April \u2212 September)<\/strong><br \/><strong>14.00 \u2013 16.00 Uhr (Oktober \u2212 M\u00e4rz)<br \/><br \/><img loading=\"lazy\" decoding=\"async\" class=\"alignnone size-full wp-image-9440\" src=\"http:\/\/www.botanischer-garten-wuppertal.de\/wordpress\/wp-content\/uploads\/2023\/12\/Wuppervital_Logo.jpg\" alt=\"\" width=\"420\" height=\"255\" srcset=\"http:\/\/www.botanischer-garten-wuppertal.de\/wordpress\/wp-content\/uploads\/2023\/12\/Wuppervital_Logo.jpg 420w, http:\/\/www.botanischer-garten-wuppertal.de\/wordpress\/wp-content\/uploads\/2023\/12\/Wuppervital_Logo-300x182.jpg 300w\" sizes=\"auto, (max-width: 420px) 100vw, 420px\" \/><br \/><\/strong><\/p>\r\n<h2 style=\"text-align: center;\">F\u00fcr Menschen mit Flucht- oder Migrationshintergrund und alle, die Deutsch lernen wollen.<\/h2>\r\n<p style=\"text-align: center;\">Gemeinsam Deutsch lernen in Bewegung: Bei einem Spaziergang in entspannter Atmosph\u00e4re werden Themen rund um Sprache und Alltag gemeinsam<span class=\"Apple-converted-space\">\u00a0<\/span>entdeckt. Anschlie\u00dfend wird das Gelernte im Gartenzimmer der Villa Eller mit angeleiteten \u00dcbungen<span class=\"Apple-converted-space\">\u00a0<\/span>vertieft. So verbinden sich Bewegung, Gespr\u00e4ch und<span class=\"Apple-converted-space\">\u00a0<\/span>Praxis \u2013 f\u00fcr mehr Freude, Sicherheit und Erfolg beim<span class=\"Apple-converted-space\">\u00a0<\/span>Deutsch Lernen.<span class=\"Apple-converted-space\">\u00a0<\/span><\/p>\r\n<p class=\"has-text-align-center\" style=\"text-align: center;\">Eva Maria Rinke, Dipl. Sozialp\u00e4dagogin (FH)<\/p>\r\n<p class=\"has-text-align-center\" style=\"text-align: center;\">Anmeldung unter <a href=\"mailto:info@wuppervital.de\">info@wuppervital.de<\/a><br \/>Weitere Infos: <a href=\"http:\/\/www.wuppervital.de\/\">www.wuppervital.de<\/a><\/p>\r\n<p class=\"has-text-align-center\" style=\"text-align: center;\"><strong>Treffpunkt: Garteneingang neben dem Elisenturm<\/strong><\/p>\r\n\r\n\r\n<hr class=\"wp-block-separator has-alpha-channel-opacity is-style-wide\" \/>\r\n\r\n\r\n<p class=\"has-text-align-center\" style=\"text-align: center;\"><strong>Do. 16. April 2026, 18.00 Uhr <\/strong><\/p>\r\n\r\n\r\n\r\n<h2 class=\"has-text-align-center wp-block-heading\" style=\"text-align: center;\"><strong>Mitgliederversammlung des F\u00f6rdervereins<\/strong><\/h2>\r\n\r\n\r\n\r\n\r\n\r\n<p class=\"has-text-align-center\" style=\"text-align: center;\"><strong>Ort: Orangerie, Elisenh\u00f6he 1, 42107 Wuppertal<\/strong><\/p>\r\n\r\n\r\n<hr class=\"wp-block-separator has-alpha-channel-opacity is-style-wide\" \/>\r\n\r\n\r\n\r\n\r\n<p class=\"has-text-align-center\" style=\"text-align: center;\"><strong>So. 06. September 2025, 13.00 Uhr <\/strong><\/p>\r\n\r\n\r\n\r\n<h2 class=\"has-text-align-center wp-block-heading\" style=\"text-align: center;\"><strong>Dankesch\u00f6n-Veranstaltung f\u00fcr alle Helferinnen und Helfer des Vereins der Freunde und F\u00f6rderer des Botanischen Gartens Wuppertal e.V.<\/strong><\/h2>\r\n\r\n\r\n\r\n<p class=\"has-text-align-center\" style=\"text-align: center;\">Der Vereinsvorstand bedankt sich bei einem gem\u00fctlichen Beisammensein mit Imbiss bei allen ehrenamtlichen Helferinnen und Helfern des Vereins!<\/p>\r\n\r\n\r\n\r\n<p class=\"has-text-align-center\" style=\"text-align: center;\"><strong>Ort: Glashaus<\/strong><\/p>\r\n\r\n\r\n<hr \/>\r\n<p style=\"text-align: center;\">\u00a0<\/p>","protected":false},"excerpt":{"rendered":"<p>Deutsch geht gut \u2013 Lernspaziergang F\u00fcr Menschen mit Flucht- oder Migrationshintergrund und alle, die Deutsch lernen wollen. Ganzj\u00e4hrig 2026, samstags (au\u00dfer im Monat Februar)16.00 \u2013 18.00 Uhr (April \u2212 September)14.00 \u2013 16.00 Uhr (Oktober \u2212 M\u00e4rz) F\u00fcr Menschen mit Flucht- &hellip; <a href=\"http:\/\/www.botanischer-garten-wuppertal.de\/wordpress\/?page_id=88\">Weiterlesen <span class=\"meta-nav\">&rarr;<\/span><\/a><\/p>\n","protected":false},"author":1,"featured_media":0,"parent":34,"menu_order":10,"comment_status":"closed","ping_status":"closed","template":"onecolumn-page.php","meta":{"footnotes":""},"class_list":["post-88","page","type-page","status-publish","hentry"],"_links":{"self":[{"href":"http:\/\/www.botanischer-garten-wuppertal.de\/wordpress\/index.php?rest_route=\/wp\/v2\/pages\/88","targetHints":{"allow":["GET"]}}],"collection":[{"href":"http:\/\/www.botanischer-garten-wuppertal.de\/wordpress\/index.php?rest_route=\/wp\/v2\/pages"}],"about":[{"href":"http:\/\/www.botanischer-garten-wuppertal.de\/wordpress\/index.php?rest_route=\/wp\/v2\/types\/page"}],"author":[{"embeddable":true,"href":"http:\/\/www.botanischer-garten-wuppertal.de\/wordpress\/index.php?rest_route=\/wp\/v2\/users\/1"}],"replies":[{"embeddable":true,"href":"http:\/\/www.botanischer-garten-wuppertal.de\/wordpress\/index.php?rest_route=%2Fwp%2Fv2%2Fcomments&post=88"}],"version-history":[{"count":256,"href":"http:\/\/www.botanischer-garten-wuppertal.de\/wordpress\/index.php?rest_route=\/wp\/v2\/pages\/88\/revisions"}],"predecessor-version":[{"id":10456,"href":"http:\/\/www.botanischer-garten-wuppertal.de\/wordpress\/index.php?rest_route=\/wp\/v2\/pages\/88\/revisions\/10456"}],"up":[{"embeddable":true,"href":"http:\/\/www.botanischer-garten-wuppertal.de\/wordpress\/index.php?rest_route=\/wp\/v2\/pages\/34"}],"wp:attachment":[{"href":"http:\/\/www.botanischer-garten-wuppertal.de\/wordpress\/index.php?rest_route=%2Fwp%2Fv2%2Fmedia&parent=88"}],"curies":[{"name":"wp","href":"https:\/\/api.w.org\/{rel}","templated":true}]}}