{"id":71,"date":"2012-02-21T11:33:44","date_gmt":"2012-02-21T10:33:44","guid":{"rendered":"http:\/\/www.botanischer-garten-wuppertal.de\/wordpress\/?page_id=71"},"modified":"2025-11-20T10:50:05","modified_gmt":"2025-11-20T09:50:05","slug":"pflanzenberatung","status":"publish","type":"page","link":"http:\/\/www.botanischer-garten-wuppertal.de\/wordpress\/?page_id=71","title":{"rendered":"Natur + Pflanzen"},"content":{"rendered":"\r\n<h1 class=\"wp-block-heading\" style=\"text-align: center;\"><strong>Veranstaltungen zu Natur und Pflanzen, Beratungstermine 2026<\/strong><\/h1>\r\n\r\n\r\n\r\n<h2 style=\"text-align: center;\"><strong>Pflanzenberatung<\/strong><\/h2>\r\n<p style=\"text-align: center;\"><strong>In der Pflanzenberatung werden Tipps und Ratschl\u00e4ge bei allen Problemen<br \/>in der Pflege von Zimmer-, Hydro- und Gartenpflanzen gegeben.\u00a0<\/strong><\/p>\r\n<h2><strong>\r\n\r\n<\/strong><\/h2>\r\n<p style=\"text-align: center;\">G\u00e4rtnermeister Dirk Derhof und Kollegen geben Tipps und beraten bei Problemen in der Pflege von Zimmer-, Hydro- und Gartenpflanzen. Dabei werden die Aspekte Licht-, Temperatur-, Wasser- und N\u00e4hrstoffanspr\u00fcche besprochen. Desweiteren werden auch Krankheiten und Sch\u00e4dlinge unter die Lupe genommen.<br \/><strong>Die Pflanzenberatung findet am<\/strong> <strong>ersten Mittwoch im Monat <br \/>von M\u00e4rz bis September, jeweils von 13.00 bis 15.30 Uhr, <br \/>im Gartenzimmer der Villa Eller statt.<br \/><br \/><\/strong>Selbstverst\u00e4ndlich\u00a0steht das\u00a0Team\u00a0des Botanischen Gartens\u00a0in dringenden F\u00e4llen auch jederzeit\u00a0w\u00e4hrend der Arbeitszeit vor Ort\u00a0im Garten f\u00fcr die ein oder andere Frage zur Verf\u00fcgung.<\/p>\r\n\r\n\r\n\r\n<p style=\"text-align: center;\">Termine 2026:<br \/><strong>Mi. 04. M\u00e4rz 2026<br \/>Mi. 01. April 2026<br \/>Mi. 06. Mai 2026<br \/>Mi. 03. Juni 2026<br \/>Mi. 01. Juli 2026<br \/>Mi. 05. August 2026<br \/>Mi. 02. September 2026<\/strong><\/p>\r\n<hr \/>\r\n<h2 style=\"text-align: center;\"><strong>Mikroskopiernachmittage im Botanischen Garten<\/strong><\/h2>\r\n<p style=\"text-align: center;\">Entdecken Sie mit dem Mikroskop die mit blo\u00dfem Auge unsichtbare Welt von Pflanzenteilen und Tieren. <br \/>Die Mikrotechnik erm\u00f6glicht faszinierende Einblicke in den Aufbau der Pflanzen und die Kleinlebewelt.<\/p>\r\n<p style=\"text-align: center;\">Holger L\u00fcck, Sektion Mikroskopie des Naturwissenschaftlichen Vereins Wuppertal e.V.<\/p>\r\n<p style=\"text-align: center;\"><strong>Ort: Glashaus und Botanischer Garten<\/strong><\/p>\r\n<p style=\"text-align: center;\"><em>Die Mikroskopiernachmittage sind grunds\u00e4tzlich auch f\u00fcr Kinder und Jugendliche geeignet, bei Kindern unter 16 Jahren ist die Anwesenheit eines Erziehungsberechtigten erforderlich.<\/em><\/p>\r\n<p style=\"text-align: center;\"><strong>Termine 2026:<br \/><\/strong> <br \/><strong>Fr. 26. Juni 2026<br \/>Fr. 24. Juli 2026<br \/>Fr. 28. August 2026<\/strong><\/p>\r\n<p style=\"text-align: center;\">jeweils von 16.00 \u2013 18.00 Uhr.<\/p>\r\n<h2 style=\"text-align: center;\"><strong>Pilzkundliche Beratung und Wanderungen<\/strong><\/h2>\r\n<p style=\"text-align: center;\">Die Pilzsachverst\u00e4ndigen des Naturwissenschaftlichen Vereins Wuppertal e.V. f\u00fchren im Oktober und Anfang November jeweils sonntags im Botanischen Garten pilzkundliche Beratungen durch. Bei dieser Beratung k\u00f6nnen sowohl frische Pilzexponate angesehen sowie mitgebrachte gesammelte Pilze begutachtet und bestimmt werden.<br \/><br \/><strong>Ort: Im Glashaus am Elisenplatz<\/strong><\/p>\r\n<p style=\"text-align: center;\">An zwei Samstagen im Oktober findet eine pilzkundliche Wanderung statt \u2013 einmal im Raum Wuppertal, einmal im Raum Wermelskirchen. F\u00fcr diese Wanderungen ist eine Anmeldung zwingend erforderlich. Der Treffpunkt wird bei Anmeldung bekannt gegeben.<\/p>\r\n<p style=\"text-align: center;\"><strong>Termine 2026:<br \/><\/strong> <br \/><strong>So. 04. Oktober 2026, 14.00 \u2013 16.00 Uhr<br \/>Pilzkundliche Beratung<br \/><br \/>So. 11. Oktober 2026, 14.00 \u2013 16.00 Uhr<br \/>Pilzkundliche Beratung<br \/><br \/>Sa. 17. Oktober 2026, 10.00 \u2013 14.00 Uhr<br \/><\/strong><strong>Pilzkundliche Wanderung im Raum Wuppertal<br \/><\/strong>Begrenzte Teilnehmerzahl. Anmeldung bitte unter E-Mail: <em><a href=\"mailto:wilfriedcollong@aol.com\">wilfriedcollong@aol.com<\/a><br \/><\/em>Ort: Der Treffpunkt wird bei Anmeldung bekannt gegeben<br \/><br \/><strong>So. 18. Oktober 2026, 14.00 \u2013 16.00 Uhr<br \/>Pilzkundliche Beratung<br \/><br \/>Sa. 24. Oktober 2026, 10.00 \u2013 14.00 Uhr<br \/>Pilzkundliche Wanderung im Raum Wermelskirchen<br \/><\/strong>Begrenzte Teilnehmerzahl. Anmeldung bitte unter E-Mail: <em><a href=\"mailto:wilfriedcollong@aol.com\">wilfriedcollong@aol.com<\/a><br \/><\/em>Ort: Der Treffpunkt wird bei Anmeldung bekannt gegeben<br \/><strong><br \/><\/strong><strong>So. 25. Oktober 2026, 14.00 \u2013 16.00 Uhr<br \/>Pilzkundliche Beratung<br \/><br \/><\/strong><strong>So. 01. November 2026, 14.00 \u2013 16.00 Uhr<br \/>Pilzkundliche Beratung<\/strong><\/p>\r\n<p style=\"text-align: center;\">Weitere Infos unter <a href=\"https:\/\/www.naturwissenschaftlicher-verein-wuppertal.de\/sektionen\/Mykologie\/pilzberatung\" target=\"_blank\" rel=\"noopener noreferrer\">Pilzberatung des Naturwissenschaftlichen Vereins Wuppertal e.V.<\/a><\/p>\r\n<p><img loading=\"lazy\" decoding=\"async\" class=\"aligncenter wp-image-9452\" src=\"http:\/\/www.botanischer-garten-wuppertal.de\/wordpress\/wp-content\/uploads\/2023\/12\/Logo_NWV-300x183.jpg\" alt=\"\" width=\"150\" height=\"92\" srcset=\"http:\/\/www.botanischer-garten-wuppertal.de\/wordpress\/wp-content\/uploads\/2023\/12\/Logo_NWV-300x183.jpg 300w, http:\/\/www.botanischer-garten-wuppertal.de\/wordpress\/wp-content\/uploads\/2023\/12\/Logo_NWV.jpg 381w\" sizes=\"auto, (max-width: 150px) 100vw, 150px\" \/><\/p>\r\n<hr \/>\r\n<p><strong>\u00a0<\/strong><\/p>","protected":false},"excerpt":{"rendered":"<p>Veranstaltungen zu Natur und Pflanzen, Beratungstermine 2026 Pflanzenberatung In der Pflanzenberatung werden Tipps und Ratschl\u00e4ge bei allen Problemenin der Pflege von Zimmer-, Hydro- und Gartenpflanzen gegeben.\u00a0 G\u00e4rtnermeister Dirk Derhof und Kollegen geben Tipps und beraten bei Problemen in der Pflege &hellip; <a href=\"http:\/\/www.botanischer-garten-wuppertal.de\/wordpress\/?page_id=71\">Weiterlesen <span class=\"meta-nav\">&rarr;<\/span><\/a><\/p>\n","protected":false},"author":1,"featured_media":0,"parent":34,"menu_order":2,"comment_status":"closed","ping_status":"closed","template":"onecolumn-page.php","meta":{"footnotes":""},"class_list":["post-71","page","type-page","status-publish","hentry"],"_links":{"self":[{"href":"http:\/\/www.botanischer-garten-wuppertal.de\/wordpress\/index.php?rest_route=\/wp\/v2\/pages\/71","targetHints":{"allow":["GET"]}}],"collection":[{"href":"http:\/\/www.botanischer-garten-wuppertal.de\/wordpress\/index.php?rest_route=\/wp\/v2\/pages"}],"about":[{"href":"http:\/\/www.botanischer-garten-wuppertal.de\/wordpress\/index.php?rest_route=\/wp\/v2\/types\/page"}],"author":[{"embeddable":true,"href":"http:\/\/www.botanischer-garten-wuppertal.de\/wordpress\/index.php?rest_route=\/wp\/v2\/users\/1"}],"replies":[{"embeddable":true,"href":"http:\/\/www.botanischer-garten-wuppertal.de\/wordpress\/index.php?rest_route=%2Fwp%2Fv2%2Fcomments&post=71"}],"version-history":[{"count":131,"href":"http:\/\/www.botanischer-garten-wuppertal.de\/wordpress\/index.php?rest_route=\/wp\/v2\/pages\/71\/revisions"}],"predecessor-version":[{"id":10315,"href":"http:\/\/www.botanischer-garten-wuppertal.de\/wordpress\/index.php?rest_route=\/wp\/v2\/pages\/71\/revisions\/10315"}],"up":[{"embeddable":true,"href":"http:\/\/www.botanischer-garten-wuppertal.de\/wordpress\/index.php?rest_route=\/wp\/v2\/pages\/34"}],"wp:attachment":[{"href":"http:\/\/www.botanischer-garten-wuppertal.de\/wordpress\/index.php?rest_route=%2Fwp%2Fv2%2Fmedia&parent=71"}],"curies":[{"name":"wp","href":"https:\/\/api.w.org\/{rel}","templated":true}]}}