{"id":42,"date":"2012-02-21T11:01:47","date_gmt":"2012-02-21T10:01:47","guid":{"rendered":"http:\/\/www.botanischer-garten-wuppertal.de\/wordpress\/?page_id=42"},"modified":"2026-02-11T10:07:26","modified_gmt":"2026-02-11T09:07:26","slug":"42-2","status":"publish","type":"page","link":"http:\/\/www.botanischer-garten-wuppertal.de\/wordpress\/?page_id=42","title":{"rendered":"Vortr\u00e4ge + Lesungen"},"content":{"rendered":"<h2 style=\"text-align: center;\"><strong>Vortr\u00e4ge und Lesungen im Botanischen Garten 2026<\/strong><\/h2>\n<p style=\"text-align: center;\"><strong>Der F\u00f6rderverein bietet im Jahresverlauf verschiedene Vortr\u00e4ge an:\u00a0<\/strong><br \/>\nDie Themen reichen von floristischen Reisebeschreibungen \u00fcber den praktizierten Naturschutz, einer sprachwissenschaftlich-kulturellen Betrachtung bis hin zur technischen Nutzung von Pflanzen.<\/p>\n<p style=\"text-align: center;\">Vortr\u00e4ge finden in der Orangerie, Elisenh\u00f6he 1, 42107 Wuppertal statt<br \/>\n(falls nicht anders angegeben).<\/p>\n<p style=\"text-align: center;\">Dar\u00fcber hinaus informieren wir Sie hier auch \u00fcber einige ausgew\u00e4hlte Vortr\u00e4ge des Naturwissenschaftlichen Vereins Wuppertal e. V., die im <strong>VHS-Forum, Auer Schulstra\u00dfe 20, 42103 Wuppertal,<\/strong> stattfinden.<\/p>\n<p style=\"text-align: center;\"><strong>Lesungen<\/strong><br \/>\nDar\u00fcber hinaus werden Lesungen zu verschiedenen Themen im Botanischen Garten angeboten. Diese finden an verschiedenen, zum Thema passenden Orten statt,<br \/>\nz. B. im Gartenzimmer der Villa Eller oder unter freiem Himmel.<br \/>\nBitte beachten Sie daher die jeweilige Ortsangabe.<\/p>\n<hr \/>\n<p style=\"text-align: center;\"><strong>Di. 20. Januar 2026, 18.30 Uhr\u00a0<\/strong><\/p>\n<h2 style=\"text-align: center;\"><strong>Vortrag: Botanische Eindr\u00fccke von der Peloponnes, der &#8222;Insel des Pelops&#8220;<\/strong><\/h2>\n<p style=\"text-align: center;\">Die Peloponnes im S\u00fcden Griechenlands besticht nicht nur durch seine vielf\u00e4ltigen Landschaften von den Sandstr\u00e4nden bis hin zum Hochgebirge, eindrucksvollen Relikten vergangener Kulturen, herzlichen Menschen und einer K\u00fcche, die so fast gar nichts zu tun hat mit dem, was man bei uns aus einem &#8222;typischen&#8220; griechischen Restaurant kennt, sondern auch durch eine \u00fcberaus artenreiche, oft ausgesprochen pr\u00e4chtige Flora.<br \/>\nReferent: Uwe Raabe, Marl<br \/>\n<strong>Ort: VHS-Forum, Auer Schulstra\u00dfe 20, 42103 Wuppertal<\/strong><\/p>\n<p style=\"text-align: center;\"><strong><em>Ein Vortrag des <a href=\"http:\/\/www.naturwissenschaftlicher-verein-wuppertal.de\" target=\"_blank\" rel=\"noopener\">Naturwissenschaftlichen Vereins Wuppertal e.V.<\/a><\/em><\/strong><\/p>\n<hr \/>\n<p style=\"text-align: center;\"><strong>Di. 10. Februar 2026, 18.30 Uhr<\/strong><\/p>\n<h2 style=\"text-align: center;\"><strong>Vortrag: Pilze, Flechten, Moose, Farne und Bl\u00fctenpflanzen \u2013 Einblicke in das Herbarium des LWL-Museums f\u00fcr Naturkunde in M\u00fcnster<\/strong><\/h2>\n<div class=\"item visualIEFloatFix\">\n<div id=\"parent-fieldname-text-7a67a522f02f4ba0bd91216740549eab\" class=\"\">\n<p class=\"western\" style=\"text-align: center;\" align=\"left\">In der heutigen Zeit mit Botanik-Apps und vergleichbaren Hilfsmitteln kann sich kaum jemand noch vorstellen, dass in fr\u00fcheren Jahrhunderten eine gesammelte und pr\u00e4parierte Pflanze der einzige legitime Nachweis \u00fcber ein Vorkommen war. Auch heute noch kann eine Fotografie keinen Herbarbeleg ersetzen! Unser Referent Dr. Bernd Tenbergen ist Leiter des LWL-Museums f\u00fcr Naturkunde in M\u00fcnster und Herr \u00fcber die mit 650.000 Belegen gr\u00f6\u00dfte botanische Sammlung in NRW. Auch die Sammlungen des 2008 geschlossenen Fuhlrott-Museums sind nach M\u00fcnster gekommen und in die Sammlung integriert, genauso wie die Pilzsammlung von Dr. Hartmund Wollweber, dem gro\u00dfen Wuppertaler Pilzforscher. Dr. Tenbergen wird die gar nicht trockene Materie zum Leben erwecken, mit den Aufsammlungen sind Menschen verbunden, deren Leidenschaft es war, die Pflanzenwelt zu dokumentieren und der Nachwelt zu erhalten.<br \/>\nReferent: Dr. Bernd Tenbergen, stellv. Leiter des LWL-Museum f\u00fcr Naturkunde, M\u00fcnster<br \/>\n<strong>Ort: VHS-Forum, Auer Schulstra\u00dfe 20, 42103 Wuppertal<\/strong><\/p>\n<\/div>\n<\/div>\n<p style=\"text-align: center;\"><strong><em>Ein Vortrag des <a href=\"http:\/\/www.naturwissenschaftlicher-verein-wuppertal.de\" target=\"_blank\" rel=\"noopener\">Naturwissenschaftlichen Vereins Wuppertal e.V.<\/a><\/em><\/strong><\/p>\n<hr \/>\n<p style=\"text-align: center;\"><strong>Do. 12. Februar 2026, 18.00 Uhr<\/strong><\/p>\n<h2 style=\"text-align: center;\"><strong> Vortrag:\u00a0<\/strong><strong>Amazonien \u2013 Eine Flussfahrt der \u00fcberw\u00e4ltigenden Art\u00a0<\/strong><\/h2>\n<div id='gallery-1' class='gallery galleryid-42 gallery-columns-3 gallery-size-large'><dl class='gallery-item'>\n\t\t\t<dt class='gallery-icon landscape'>\n\t\t\t\t<img loading=\"lazy\" decoding=\"async\" width=\"640\" height=\"426\" src=\"http:\/\/www.botanischer-garten-wuppertal.de\/wordpress\/wp-content\/uploads\/2026\/01\/Breves-Kanaele1-1024x682.jpg\" class=\"attachment-large size-large\" alt=\"Amazonas, Breves Kan\u00e4le, \u00a9 Monika Steinhof\" aria-describedby=\"gallery-1-10433\" srcset=\"http:\/\/www.botanischer-garten-wuppertal.de\/wordpress\/wp-content\/uploads\/2026\/01\/Breves-Kanaele1-1024x682.jpg 1024w, http:\/\/www.botanischer-garten-wuppertal.de\/wordpress\/wp-content\/uploads\/2026\/01\/Breves-Kanaele1-300x200.jpg 300w, http:\/\/www.botanischer-garten-wuppertal.de\/wordpress\/wp-content\/uploads\/2026\/01\/Breves-Kanaele1-768x512.jpg 768w, http:\/\/www.botanischer-garten-wuppertal.de\/wordpress\/wp-content\/uploads\/2026\/01\/Breves-Kanaele1-1536x1024.jpg 1536w, http:\/\/www.botanischer-garten-wuppertal.de\/wordpress\/wp-content\/uploads\/2026\/01\/Breves-Kanaele1.jpg 1808w\" sizes=\"auto, (max-width: 640px) 100vw, 640px\" \/>\n\t\t\t<\/dt>\n\t\t\t\t<dd class='wp-caption-text gallery-caption' id='gallery-1-10433'>\n\t\t\t\tAmazonas, Breves Kan\u00e4le, \u00a9 Monika Steinhof\n\t\t\t\t<\/dd><\/dl><dl class='gallery-item'>\n\t\t\t<dt class='gallery-icon landscape'>\n\t\t\t\t<img loading=\"lazy\" decoding=\"async\" width=\"640\" height=\"457\" src=\"http:\/\/www.botanischer-garten-wuppertal.de\/wordpress\/wp-content\/uploads\/2026\/01\/Canassi015-L-1024x731.jpg\" class=\"attachment-large size-large\" alt=\"Amazonas, \u00a9 Monika Steinhof\" aria-describedby=\"gallery-1-10435\" srcset=\"http:\/\/www.botanischer-garten-wuppertal.de\/wordpress\/wp-content\/uploads\/2026\/01\/Canassi015-L-1024x731.jpg 1024w, http:\/\/www.botanischer-garten-wuppertal.de\/wordpress\/wp-content\/uploads\/2026\/01\/Canassi015-L-300x214.jpg 300w, http:\/\/www.botanischer-garten-wuppertal.de\/wordpress\/wp-content\/uploads\/2026\/01\/Canassi015-L-768x548.jpg 768w, http:\/\/www.botanischer-garten-wuppertal.de\/wordpress\/wp-content\/uploads\/2026\/01\/Canassi015-L.jpg 1051w\" sizes=\"auto, (max-width: 640px) 100vw, 640px\" \/>\n\t\t\t<\/dt>\n\t\t\t\t<dd class='wp-caption-text gallery-caption' id='gallery-1-10435'>\n\t\t\t\tAmazonas, Fotos: \u00a9 Dr. Monika Steinhof\n\t\t\t\t<\/dd><\/dl><dl class='gallery-item'>\n\t\t\t<dt class='gallery-icon landscape'>\n\t\t\t\t<img loading=\"lazy\" decoding=\"async\" width=\"640\" height=\"427\" src=\"http:\/\/www.botanischer-garten-wuppertal.de\/wordpress\/wp-content\/uploads\/2026\/01\/Victoria-amazonica-1024x683.jpg\" class=\"attachment-large size-large\" alt=\"Victoria amazonica, \u00a9 Monika Steinhof\" aria-describedby=\"gallery-1-10437\" srcset=\"http:\/\/www.botanischer-garten-wuppertal.de\/wordpress\/wp-content\/uploads\/2026\/01\/Victoria-amazonica-1024x683.jpg 1024w, http:\/\/www.botanischer-garten-wuppertal.de\/wordpress\/wp-content\/uploads\/2026\/01\/Victoria-amazonica-300x200.jpg 300w, http:\/\/www.botanischer-garten-wuppertal.de\/wordpress\/wp-content\/uploads\/2026\/01\/Victoria-amazonica-768x512.jpg 768w, http:\/\/www.botanischer-garten-wuppertal.de\/wordpress\/wp-content\/uploads\/2026\/01\/Victoria-amazonica-1536x1024.jpg 1536w, http:\/\/www.botanischer-garten-wuppertal.de\/wordpress\/wp-content\/uploads\/2026\/01\/Victoria-amazonica-2048x1365.jpg 2048w\" sizes=\"auto, (max-width: 640px) 100vw, 640px\" \/>\n\t\t\t<\/dt>\n\t\t\t\t<dd class='wp-caption-text gallery-caption' id='gallery-1-10437'>\n\t\t\t\tVictoria amazonica\n\t\t\t\t<\/dd><\/dl><br style=\"clear: both\" \/>\n\t\t<\/div>\n\n<p style=\"text-align: center;\">Der Amazonas geh\u00f6rt zu den l\u00e4ngsten und wasserreichsten Fl\u00fcssen der Erde. In der \u00dcberflutungszeit w\u00e4chst das \u00fcberflutete Gebiet enorm \u2013 nur dann ist die Fahrt von Belem (Brasilien) bis Iquitos (Peru) mit einem kleinen Expeditionsschiff m\u00f6glich. Seine Zufl\u00fcsse sind Schwarz-, Wei\u00df- oder Klarwasserfl\u00fcsse, was sich in der vielf\u00e4ltigen Vegetation und Tierwelt an den Ufern widerspiegelt. Begleiten Sie uns auf eine fast 4000 km lange Reise quer durch S\u00fcdamerika \u2013 von Ost nach West.<br \/>\nReferentin: Dr. Monika Steinhof, Bergische Universit\u00e4t Wuppertal<br \/>\n<strong>Ort: Orangerie, Elisenh\u00f6he 1, 42107 Wuppertal<\/strong><\/p>\n<hr \/>\n<p style=\"text-align: center;\"><strong>Do. 18. Juni 2026, 18.00<\/strong><\/p>\n<h2 style=\"text-align: center;\"><strong>Vortrag<br \/>\n<\/strong><strong>Von der Blume zur Stilbl\u00fcte: Wie lebendige Wesen zu sprachlichen <\/strong><strong>Zeichen werden<\/strong><\/h2>\n<p style=\"text-align: center;\">Referentin: Prof. Dr. Isabel Kranz, Universit\u00e4t f\u00fcr angewandte Kunst, Wien<br \/>\n<strong>Ort: Glashaus<br \/>\n<\/strong><em>Ein Vortrag in Kooperation mit Prof. Dr. Birgit Spengler, Bergische Universit\u00e4t Wuppertal, Fakult\u00e4t 1, Amerikanistische Literaturwissenschaft<\/em><\/p>\n<p><a href=\"https:\/\/www.anglistik.uni-wuppertal.de\/de\/ueber-uns\/#gsc.tab=0\" target=\"_blank\" rel=\"noopener\"><img loading=\"lazy\" decoding=\"async\" class=\"aligncenter wp-image-9592 size-medium\" src=\"http:\/\/www.botanischer-garten-wuppertal.de\/wordpress\/wp-content\/uploads\/2024\/06\/Logo-Uni-Wuppertal-Vortraege-Spengler-300x145.jpg\" alt=\"\" width=\"300\" height=\"145\" srcset=\"http:\/\/www.botanischer-garten-wuppertal.de\/wordpress\/wp-content\/uploads\/2024\/06\/Logo-Uni-Wuppertal-Vortraege-Spengler-300x145.jpg 300w, http:\/\/www.botanischer-garten-wuppertal.de\/wordpress\/wp-content\/uploads\/2024\/06\/Logo-Uni-Wuppertal-Vortraege-Spengler.jpg 522w\" sizes=\"auto, (max-width: 300px) 100vw, 300px\" \/><\/a><\/p>\n<hr \/>\n<h2 style=\"text-align: center;\"><strong><span style=\"color: #ff0000;\">Veranstaltung f\u00e4llt aus:<\/span><br \/>\nSo. 21. Juni 2026, 15.30 \u2013 17.30 Uhr <\/strong><\/h2>\n<h2 style=\"text-align: center;\"><strong>Lesung:\u00a0<\/strong><strong>Ein Mordssommer mit dem Bergischen KrimiKartell<\/strong><\/h2>\n<p style=\"text-align: center;\">Bergisches KrimiKartell, Wuppertal<br \/>\n<strong>Ort:<\/strong> <strong>Botanischer Garten, vor dem Sukkulentenhaus (bei Regen im Glashaus)<\/strong><\/p>\n<p><a href=\"https:\/\/bergisches-krimikartell.de\/\" target=\"_blank\" rel=\"noopener\"><img loading=\"lazy\" decoding=\"async\" class=\"aligncenter wp-image-9695\" src=\"http:\/\/www.botanischer-garten-wuppertal.de\/wordpress\/wp-content\/uploads\/2024\/12\/BKK-300x253.jpg\" alt=\"\" width=\"150\" height=\"126\" srcset=\"http:\/\/www.botanischer-garten-wuppertal.de\/wordpress\/wp-content\/uploads\/2024\/12\/BKK-300x253.jpg 300w, http:\/\/www.botanischer-garten-wuppertal.de\/wordpress\/wp-content\/uploads\/2024\/12\/BKK.jpg 318w\" sizes=\"auto, (max-width: 150px) 100vw, 150px\" \/><\/a><\/p>\n<hr \/>\n<h2 style=\"text-align: center;\"><strong><span style=\"color: #ff0000;\">Neu im Programm:<\/span><br \/>\nSo. 05. Juli 2026, 15.30 Uhr<\/strong><\/h2>\n<h2 style=\"text-align: center;\"><strong>Lesung von Jost Baum aus seinem Kriminalroman &#8222;Die Toten von L\u00b4Estaque&#8220;<\/strong><\/h2>\n<p style=\"text-align: center;\">Der Wuppertaler Autor Jost Baum, Mitglied des Bergischen KrimiKartells, liest aus seinem j\u00fcngsten Kriminalroman &#8222;Die Toten von L\u00b4Estaque&#8220;:<br \/>\nAn Bord eines alten Fischkutters in Marseille liegt eine Leiche \u2013 begraben unter einem Haufen Ziegelsteine. Was die Gendarmerie als Unfall abtut, l\u00e4sst Commissaire Arnoult keine Ruhe. Der Tote ist der K\u00fcnstler Edouard Rousseau. Als in dessen Werkstatt ein grausam gefolterter Fl\u00fcchtling auftaucht, blickt Arnoult in einen Abgrund: Die Spur f\u00fchrt von den Schmuggelrouten Nordafrikas \u00fcber die blutige Raubkunst Palmyras bis in die diskreten Bankh\u00e4user Monacos.<br \/>\nUm die Hinterm\u00e4nner zu entlarven, muss Arnoult seine Identit\u00e4t ablegen. In der glitzernden Welt der Milliard\u00e4re von Monte-Carlo begibt er sich auf t\u00f6dliches Terrain. Hier, wo Gier keine Grenzen kennt und Kunstwerke aus Gips und L\u00fcgen bestehen, wird er vom J\u00e4ger zum Gejagten.<br \/>\nEin rasanter Kriminalroman \u00fcber die dunklen Gesch\u00e4fte der Elite \u2013 vom rauen Charme Marseilles bis zum s\u00fcndteuren Pflaster des F\u00fcrstentums.<\/p>\n<p>Jost Baum, Wuppertal<br \/>\nEintritt: 5,- \u20ac<br \/>\n<strong>Ort:<\/strong> <strong>Botanischer Garten, vor dem Sukkulentenhaus (bei Regen im Glashaus)<\/strong><\/p>\n<hr \/>\n<p style=\"text-align: center;\"><strong>Do. 22. Oktober 2026, 18.00 Uhr<\/strong><\/p>\n<h2 style=\"text-align: center;\"><strong>Filmvorf\u00fchrung \u201eDer andere Blick auf die Hardt\u201c<\/strong><\/h2>\n<p style=\"text-align: center;\">Der Botanische Garten und die Parkanlage Hardt einmal ganz anders: Aus der Luft zeigt der rund einst\u00fcndige Film von G\u00fcnter Lintl die g\u00e4rtnerische Struktur und Sch\u00f6nheit dieses einzigartigen Wuppertaler Naturraums im Wandel der Jahreszeiten. Atemberaubende Drohnenaufnahmen er\u00f6ffnen neue Perspektiven auf ein vertrautes St\u00fcck Stadtgr\u00fcn. Nach diesem Film werden Sie die Hardt mit anderen Augen sehen.<\/p>\n<div id=\"attachment_10335\" style=\"width: 650px\" class=\"wp-caption alignnone\"><a href=\"https:\/\/www.lintlfoto.de\/\" target=\"_blank\" rel=\"noopener\"><img loading=\"lazy\" decoding=\"async\" aria-describedby=\"caption-attachment-10335\" class=\"wp-image-10335 size-large\" src=\"http:\/\/www.botanischer-garten-wuppertal.de\/wordpress\/wp-content\/uploads\/2025\/11\/Lintl-kl_DJI_20240423092134_0127_D-1024x576.jpg\" alt=\"\" width=\"640\" height=\"360\" srcset=\"http:\/\/www.botanischer-garten-wuppertal.de\/wordpress\/wp-content\/uploads\/2025\/11\/Lintl-kl_DJI_20240423092134_0127_D-1024x576.jpg 1024w, http:\/\/www.botanischer-garten-wuppertal.de\/wordpress\/wp-content\/uploads\/2025\/11\/Lintl-kl_DJI_20240423092134_0127_D-300x169.jpg 300w, http:\/\/www.botanischer-garten-wuppertal.de\/wordpress\/wp-content\/uploads\/2025\/11\/Lintl-kl_DJI_20240423092134_0127_D-768x432.jpg 768w, http:\/\/www.botanischer-garten-wuppertal.de\/wordpress\/wp-content\/uploads\/2025\/11\/Lintl-kl_DJI_20240423092134_0127_D-1536x864.jpg 1536w, http:\/\/www.botanischer-garten-wuppertal.de\/wordpress\/wp-content\/uploads\/2025\/11\/Lintl-kl_DJI_20240423092134_0127_D.jpg 1920w\" sizes=\"auto, (max-width: 640px) 100vw, 640px\" \/><\/a><p id=\"caption-attachment-10335\" class=\"wp-caption-text\">Foto: G\u00fcnter Lintl<\/p><\/div>\n<p style=\"text-align: center;\">G\u00fcnter Lintl, F\u00f6rderverein des Botanischen Gartens Wuppertal<br \/>\n<strong>Ort: Orangerie, Elisenh\u00f6he 1, 42107 Wuppertal<\/strong><\/p>\n<hr \/>\n<p style=\"text-align: center;\"><strong>Do. 29. Oktober 2026, 18.00 Uhr<\/strong><\/p>\n<h2 style=\"text-align: center;\"><strong>Vortrag:\u00a0<\/strong><strong>&#8222;\u2026 und die R\u00fcstung ihres Geistes lockerte sich und l\u00f6ste sich und fiel\u201c. <\/strong><strong>Vegetabile Interventionen in den Treibh\u00e4usern der Jahrhundertwende<\/strong><\/h2>\n<p style=\"text-align: center;\">Pflanzen sollen in den k\u00fcnstlichen Klimata der Treibh\u00e4user unter Kontrolle gebracht werden. In der Literatur um 1900 werden aber die Orangerien, Winterg\u00e4rten und Gew\u00e4chsh\u00e4user vor allem zu Orten, an denen die Pflanzen und besonders ihre D\u00fcfte die gesellschaftliche Ordnung neu ausrichten.<br \/>\nReferent: Dr. Sergej Rickenbacher, RWTH Aachen<br \/>\n<strong>Ort: Orangerie, Elisenh\u00f6he 1, 42107 Wuppertal<\/strong><\/p>\n<p style=\"text-align: center;\"><em>Ein Vortrag in Kooperation mit Frau Prof. Dr. Birgit\u00a0Spengler, Bergische Universit\u00e4t Wuppertal, Fakult\u00e4t 1,\u00a0Amerikanische Literaturwissenschaft<\/em><\/p>\n<p><a href=\"https:\/\/www.anglistik.uni-wuppertal.de\/de\/ueber-uns\/#gsc.tab=0\" target=\"_blank\" rel=\"noopener\"><img loading=\"lazy\" decoding=\"async\" class=\"aligncenter wp-image-9446 size-medium\" src=\"http:\/\/www.botanischer-garten-wuppertal.de\/wordpress\/wp-content\/uploads\/2023\/12\/Logo-Uni-Wuppertal-Vortraege-Spengler-300x145.jpg\" alt=\"\" width=\"300\" height=\"145\" srcset=\"http:\/\/www.botanischer-garten-wuppertal.de\/wordpress\/wp-content\/uploads\/2023\/12\/Logo-Uni-Wuppertal-Vortraege-Spengler-300x145.jpg 300w, http:\/\/www.botanischer-garten-wuppertal.de\/wordpress\/wp-content\/uploads\/2023\/12\/Logo-Uni-Wuppertal-Vortraege-Spengler.jpg 522w\" sizes=\"auto, (max-width: 300px) 100vw, 300px\" \/><\/a><\/p>\n<hr \/>\n<p style=\"text-align: center;\"><strong>Do. 19. November 2026, 18.00 Uhr <\/strong><\/p>\n<h2 style=\"text-align: center;\"><strong>Vortrag:\u00a0<\/strong><strong>Von Bohne, Erdnuss und Mimose \u2013 fabelhafte H\u00fclsenfr\u00fcchtler<\/strong><\/h2>\n<p style=\"text-align: center;\"><img loading=\"lazy\" decoding=\"async\" class=\"alignnone size-large wp-image-9568\" src=\"http:\/\/www.botanischer-garten-wuppertal.de\/wordpress\/wp-content\/uploads\/2024\/06\/VA_BotGart_fablFaba_Webbanner-1024x512.jpg\" alt=\"\" width=\"640\" height=\"320\" srcset=\"http:\/\/www.botanischer-garten-wuppertal.de\/wordpress\/wp-content\/uploads\/2024\/06\/VA_BotGart_fablFaba_Webbanner-1024x512.jpg 1024w, http:\/\/www.botanischer-garten-wuppertal.de\/wordpress\/wp-content\/uploads\/2024\/06\/VA_BotGart_fablFaba_Webbanner-300x150.jpg 300w, http:\/\/www.botanischer-garten-wuppertal.de\/wordpress\/wp-content\/uploads\/2024\/06\/VA_BotGart_fablFaba_Webbanner-768x384.jpg 768w, http:\/\/www.botanischer-garten-wuppertal.de\/wordpress\/wp-content\/uploads\/2024\/06\/VA_BotGart_fablFaba_Webbanner-1536x768.jpg 1536w, http:\/\/www.botanischer-garten-wuppertal.de\/wordpress\/wp-content\/uploads\/2024\/06\/VA_BotGart_fablFaba_Webbanner-2048x1024.jpg 2048w\" sizes=\"auto, (max-width: 640px) 100vw, 640px\" \/>Erbsen, Bohnen oder Linsen \u2013 f\u00fcr die meisten sind H\u00fclsenfr\u00fcchtler einfach nur Gem\u00fcse. Lernen Sie diese riesige Pflanzenfamilie besser kennen. Ob n\u00fctzlich, lecker oder atemberaubend sch\u00f6n: ihre unglaubliche Vielfalt wird Sie zum Staunen bringen.<br \/>\nReferent: Dr. Dennise Stefan Bauer, Botanischer Garten<br \/>\n<strong>Ort: Orangerie, Elisenh\u00f6he 1, 42107 Wuppertal<\/strong><\/p>\n<hr \/>\n<p>&nbsp;<\/p>\n","protected":false},"excerpt":{"rendered":"<p>Vortr\u00e4ge und Lesungen im Botanischen Garten 2026 Der F\u00f6rderverein bietet im Jahresverlauf verschiedene Vortr\u00e4ge an:\u00a0 Die Themen reichen von floristischen Reisebeschreibungen \u00fcber den praktizierten Naturschutz, einer sprachwissenschaftlich-kulturellen Betrachtung bis hin zur technischen Nutzung von Pflanzen. Vortr\u00e4ge finden in der Orangerie, &hellip; <a href=\"http:\/\/www.botanischer-garten-wuppertal.de\/wordpress\/?page_id=42\">Weiterlesen <span class=\"meta-nav\">&rarr;<\/span><\/a><\/p>\n","protected":false},"author":1,"featured_media":0,"parent":34,"menu_order":5,"comment_status":"closed","ping_status":"closed","template":"onecolumn-page.php","meta":{"footnotes":""},"class_list":["post-42","page","type-page","status-publish","hentry"],"_links":{"self":[{"href":"http:\/\/www.botanischer-garten-wuppertal.de\/wordpress\/index.php?rest_route=\/wp\/v2\/pages\/42","targetHints":{"allow":["GET"]}}],"collection":[{"href":"http:\/\/www.botanischer-garten-wuppertal.de\/wordpress\/index.php?rest_route=\/wp\/v2\/pages"}],"about":[{"href":"http:\/\/www.botanischer-garten-wuppertal.de\/wordpress\/index.php?rest_route=\/wp\/v2\/types\/page"}],"author":[{"embeddable":true,"href":"http:\/\/www.botanischer-garten-wuppertal.de\/wordpress\/index.php?rest_route=\/wp\/v2\/users\/1"}],"replies":[{"embeddable":true,"href":"http:\/\/www.botanischer-garten-wuppertal.de\/wordpress\/index.php?rest_route=%2Fwp%2Fv2%2Fcomments&post=42"}],"version-history":[{"count":111,"href":"http:\/\/www.botanischer-garten-wuppertal.de\/wordpress\/index.php?rest_route=\/wp\/v2\/pages\/42\/revisions"}],"predecessor-version":[{"id":10365,"href":"http:\/\/www.botanischer-garten-wuppertal.de\/wordpress\/index.php?rest_route=\/wp\/v2\/pages\/42\/revisions\/10365"}],"up":[{"embeddable":true,"href":"http:\/\/www.botanischer-garten-wuppertal.de\/wordpress\/index.php?rest_route=\/wp\/v2\/pages\/34"}],"wp:attachment":[{"href":"http:\/\/www.botanischer-garten-wuppertal.de\/wordpress\/index.php?rest_route=%2Fwp%2Fv2%2Fmedia&parent=42"}],"curies":[{"name":"wp","href":"https:\/\/api.w.org\/{rel}","templated":true}]}}