{"id":3738,"date":"2012-02-10T15:14:22","date_gmt":"2012-02-10T14:14:22","guid":{"rendered":"http:\/\/www.botanischer-garten-wuppertal.de\/wordpress\/?page_id=3738"},"modified":"2026-01-09T14:17:02","modified_gmt":"2026-01-09T13:17:02","slug":"reisen","status":"publish","type":"page","link":"http:\/\/www.botanischer-garten-wuppertal.de\/wordpress\/?page_id=3738","title":{"rendered":"Reisen"},"content":{"rendered":"<h2 style=\"text-align: center;\"><strong>Reisen im Jahr 2026<\/strong><\/h2>\n<p style=\"text-align: center;\"><em>Kooperation mit dem\u00a0Reiseveranstalter CONTI-REISEN GmbH K\u00f6ln<\/em><\/p>\n<hr \/>\n<p style=\"text-align: center;\"><strong>Do. 05.\u2013 Do. 12. M\u00e4rz 2026<\/strong><\/p>\n<h2 style=\"text-align: center;\"><strong>Gartenreise: Blumeninsel Madeira \u2013 \u00a0Schwimmender Garten im Atlantik<span class=\"Apple-converted-space\">\u00a0<\/span><\/strong><\/h2>\n<p style=\"text-align: center;\">Idyllische Bergd\u00f6rfer, vulkanische Gebirgsformationen und eine exotische Blumenwelt pr\u00e4gen das Leben<span class=\"Apple-converted-space\">\u00a0<\/span>auf der portugiesischen Insel. Die spektakul\u00e4ren<span class=\"Apple-converted-space\">\u00a0<\/span>Landschaften machen die gr\u00fcne Perle im Atlantik zu<span class=\"Apple-converted-space\">\u00a0<\/span>einem Paradies f\u00fcr Naturliebhaber. Die Wege entlang<span class=\"Apple-converted-space\">\u00a0<\/span>der gut gepflegten Levadas \u2013 k\u00fcnstliche Wasserl\u00e4ufe<span class=\"Apple-converted-space\">\u00a0<\/span>zur Bew\u00e4sserung \u2013 bieten leichte Wanderungen mit<span class=\"Apple-converted-space\">\u00a0<\/span>herrlichen Ausblicken.<span class=\"Apple-converted-space\">\u00a0<\/span><\/p>\n<p style=\"text-align: center;\">Fachleitung: Anja Berger,<span class=\"Apple-converted-space\">\u00a0<\/span>G\u00e4rtnermeisterin und Dozentin<span class=\"Apple-converted-space\">\u00a0<\/span><\/p>\n<p style=\"text-align: center;\"><strong>Reise in Kooperation mit dem Reiseveranstalter<span class=\"Apple-converted-space\"><br \/>\n<\/span>CONTI-REISEN GmbH K\u00f6ln<span class=\"Apple-converted-space\"><br \/>\n<\/span>Weitere Infos und ausf\u00fchrliche Reisebeschreibung unter 0221 801952-0 oder<span class=\"Apple-converted-space\">\u00a0<\/span><a href=\"http:\/\/www.reisefinder.conti-reisen.de\/reisen\/1680\/verlauf\" target=\"_blank\" rel=\"noopener\">www.reisefinder.conti-reisen.de<\/a><\/strong><\/p>\n<hr \/>\n<p style=\"text-align: center;\">\n<p style=\"text-align: center;\"><strong>So. 23.\u2013 Fr. 28. August 2026<\/strong><\/p>\n<h2 style=\"text-align: center;\"><strong>Gartenreise: Th\u00fcringen, das gr\u00fcne Herz<span class=\"Apple-converted-space\">\u00a0<\/span><\/strong><strong>Deutschlands. Gartenpracht im Land der Dichter und Denker<span class=\"Apple-converted-space\">\u00a0<\/span><\/strong><\/h2>\n<p style=\"text-align: center;\">Th\u00fcringen beeindruckt mit W\u00e4ldern, Naturparks und herrlichen G\u00e4rten. Schlossanlagen und St\u00e4dte wie die \u201eGarten- und Blumenstadt\u201c Erfurt sowie der<span class=\"Apple-converted-space\">\u00a0<\/span>Egapark und der Park an der Ilm mit Goethes Gartenhaus in Weimar verbinden Kunst, Natur und Kultur. Ein H\u00f6hepunkt der Reise ist die Landesgartenschau in Leinefelde-Worbis. Auch abseits gro\u00dfer Namen erwarten Sie liebevoll gestaltete Privatg\u00e4rten mit per- s\u00f6nlichen Geschichten.<span class=\"Apple-converted-space\">\u00a0<\/span><\/p>\n<p style=\"text-align: center;\">Fachreiseleitung: Anja Berger,<span class=\"Apple-converted-space\">\u00a0<\/span>G\u00e4rtnermeisterin und Dozentin<span class=\"Apple-converted-space\">\u00a0<\/span><\/p>\n<p style=\"text-align: center;\"><strong>Reise in Kooperation mit dem Reiseveranstalter<span class=\"Apple-converted-space\"><br \/>\n<\/span>CONTI-REISEN GmbH K\u00f6ln<span class=\"Apple-converted-space\"><br \/>\n<\/span>Weitere Infos und ausf\u00fchrliche Reisebeschreibung unter 0221 801952-0 oder<\/strong> <a href=\"http:\/\/www.reisefinder.conti-reisen.de\/reisen\/1702\/verlauf\" target=\"_blank\" rel=\"noopener\"><strong>www.reisefinder.conti-reisen.de<\/strong><\/a><\/p>\n<hr \/>\n<p>&nbsp;<\/p>\n","protected":false},"excerpt":{"rendered":"<p>Reisen im Jahr 2026 Kooperation mit dem\u00a0Reiseveranstalter CONTI-REISEN GmbH K\u00f6ln Do. 05.\u2013 Do. 12. M\u00e4rz 2026 Gartenreise: Blumeninsel Madeira \u2013 \u00a0Schwimmender Garten im Atlantik\u00a0 Idyllische Bergd\u00f6rfer, vulkanische Gebirgsformationen und eine exotische Blumenwelt pr\u00e4gen das Leben\u00a0auf der portugiesischen Insel. Die spektakul\u00e4ren\u00a0Landschaften &hellip; <a href=\"http:\/\/www.botanischer-garten-wuppertal.de\/wordpress\/?page_id=3738\">Weiterlesen <span class=\"meta-nav\">&rarr;<\/span><\/a><\/p>\n","protected":false},"author":27,"featured_media":0,"parent":34,"menu_order":9,"comment_status":"closed","ping_status":"closed","template":"onecolumn-page.php","meta":{"footnotes":""},"class_list":["post-3738","page","type-page","status-publish","hentry"],"_links":{"self":[{"href":"http:\/\/www.botanischer-garten-wuppertal.de\/wordpress\/index.php?rest_route=\/wp\/v2\/pages\/3738","targetHints":{"allow":["GET"]}}],"collection":[{"href":"http:\/\/www.botanischer-garten-wuppertal.de\/wordpress\/index.php?rest_route=\/wp\/v2\/pages"}],"about":[{"href":"http:\/\/www.botanischer-garten-wuppertal.de\/wordpress\/index.php?rest_route=\/wp\/v2\/types\/page"}],"author":[{"embeddable":true,"href":"http:\/\/www.botanischer-garten-wuppertal.de\/wordpress\/index.php?rest_route=\/wp\/v2\/users\/27"}],"replies":[{"embeddable":true,"href":"http:\/\/www.botanischer-garten-wuppertal.de\/wordpress\/index.php?rest_route=%2Fwp%2Fv2%2Fcomments&post=3738"}],"version-history":[{"count":37,"href":"http:\/\/www.botanischer-garten-wuppertal.de\/wordpress\/index.php?rest_route=\/wp\/v2\/pages\/3738\/revisions"}],"predecessor-version":[{"id":10455,"href":"http:\/\/www.botanischer-garten-wuppertal.de\/wordpress\/index.php?rest_route=\/wp\/v2\/pages\/3738\/revisions\/10455"}],"up":[{"embeddable":true,"href":"http:\/\/www.botanischer-garten-wuppertal.de\/wordpress\/index.php?rest_route=\/wp\/v2\/pages\/34"}],"wp:attachment":[{"href":"http:\/\/www.botanischer-garten-wuppertal.de\/wordpress\/index.php?rest_route=%2Fwp%2Fv2%2Fmedia&parent=3738"}],"curies":[{"name":"wp","href":"https:\/\/api.w.org\/{rel}","templated":true}]}}