{"id":34,"date":"2012-02-21T10:53:36","date_gmt":"2012-02-21T09:53:36","guid":{"rendered":"http:\/\/www.botanischer-garten-wuppertal.de\/wordpress\/?page_id=34"},"modified":"2026-01-09T11:51:07","modified_gmt":"2026-01-09T10:51:07","slug":"veranstaltungen","status":"publish","type":"page","link":"http:\/\/www.botanischer-garten-wuppertal.de\/wordpress\/?page_id=34","title":{"rendered":"Veranstaltungen"},"content":{"rendered":"<p><strong>Hier finden Sie Informationen \u00fcber die Veranstaltungen des Botanischen Gartens 2026.<\/strong><\/p>\n<p>Die Veranstaltungen des Botanischen Gartens sind so zahlreich und vielf\u00e4ltig, dass sie sich nicht auf einer Seite darstellen lassen.\u00a0Benutzen Sie daher bitte die Unterpunkte unterhalb des Men\u00fcpunktes &#8222;Veranstaltungen&#8220;.<\/p>\n<p>Das hei\u00dft: entscheiden Sie zun\u00e4chst, was Sie interessiert:<br \/>\n&#8211; Vortr\u00e4ge<br \/>\n&#8211; Ausstellungen usw.<br \/>\nund klicken Sie auf den entsprechenden Unterpunkt.<br \/>\nDie gew\u00fcnschte Seite \u00f6ffnet sich dann mit den von Ihnen gew\u00fcnschten Informationen.<\/p>\n<p>Wir erg\u00e4nzen und aktualisieren die Veranstaltungsseiten regelm\u00e4\u00dfig.<\/p>\n<p>Viel Spa\u00df und Erfolg bei Ihrer Suche.<\/p>\n","protected":false},"excerpt":{"rendered":"<p>Hier finden Sie Informationen \u00fcber die Veranstaltungen des Botanischen Gartens 2026. Die Veranstaltungen des Botanischen Gartens sind so zahlreich und vielf\u00e4ltig, dass sie sich nicht auf einer Seite darstellen lassen.\u00a0Benutzen Sie daher bitte die Unterpunkte unterhalb des Men\u00fcpunktes &#8222;Veranstaltungen&#8220;. Das &hellip; <a href=\"http:\/\/www.botanischer-garten-wuppertal.de\/wordpress\/?page_id=34\">Weiterlesen <span class=\"meta-nav\">&rarr;<\/span><\/a><\/p>\n","protected":false},"author":1,"featured_media":0,"parent":0,"menu_order":3,"comment_status":"closed","ping_status":"closed","template":"onecolumn-page.php","meta":{"footnotes":""},"class_list":["post-34","page","type-page","status-publish","hentry"],"_links":{"self":[{"href":"http:\/\/www.botanischer-garten-wuppertal.de\/wordpress\/index.php?rest_route=\/wp\/v2\/pages\/34","targetHints":{"allow":["GET"]}}],"collection":[{"href":"http:\/\/www.botanischer-garten-wuppertal.de\/wordpress\/index.php?rest_route=\/wp\/v2\/pages"}],"about":[{"href":"http:\/\/www.botanischer-garten-wuppertal.de\/wordpress\/index.php?rest_route=\/wp\/v2\/types\/page"}],"author":[{"embeddable":true,"href":"http:\/\/www.botanischer-garten-wuppertal.de\/wordpress\/index.php?rest_route=\/wp\/v2\/users\/1"}],"replies":[{"embeddable":true,"href":"http:\/\/www.botanischer-garten-wuppertal.de\/wordpress\/index.php?rest_route=%2Fwp%2Fv2%2Fcomments&post=34"}],"version-history":[{"count":25,"href":"http:\/\/www.botanischer-garten-wuppertal.de\/wordpress\/index.php?rest_route=\/wp\/v2\/pages\/34\/revisions"}],"predecessor-version":[{"id":10458,"href":"http:\/\/www.botanischer-garten-wuppertal.de\/wordpress\/index.php?rest_route=\/wp\/v2\/pages\/34\/revisions\/10458"}],"wp:attachment":[{"href":"http:\/\/www.botanischer-garten-wuppertal.de\/wordpress\/index.php?rest_route=%2Fwp%2Fv2%2Fmedia&parent=34"}],"curies":[{"name":"wp","href":"https:\/\/api.w.org\/{rel}","templated":true}]}}