{"id":2674,"date":"2012-08-08T13:16:51","date_gmt":"2012-08-08T11:16:51","guid":{"rendered":"http:\/\/www.botanischer-garten-wuppertal.de\/wordpress\/?page_id=2674"},"modified":"2026-02-16T09:19:10","modified_gmt":"2026-02-16T08:19:10","slug":"wenn-sie-spenden-mochten","status":"publish","type":"page","link":"http:\/\/www.botanischer-garten-wuppertal.de\/wordpress\/?page_id=2674","title":{"rendered":"Sie m\u00f6chten spenden?"},"content":{"rendered":"<p>&nbsp;<\/p>\n<p><strong>Wenn Sie an den F\u00f6rderverein spenden m\u00f6chten:<\/strong><\/p>\n<p><strong>Kontoverbindung:<\/strong><br \/>\nVerein der Freunde und F\u00f6rderer des Botanischen Gartens Wuppertal e.V.<br \/>\nStadtsparkasse Wuppertal<\/p>\n<p>IBAN: DE52 3305 0000 0000 6038 45<br \/>\nBIC: WUPSDE33<\/p>\n","protected":false},"excerpt":{"rendered":"<p>&nbsp; Wenn Sie an den F\u00f6rderverein spenden m\u00f6chten: Kontoverbindung: Verein der Freunde und F\u00f6rderer des Botanischen Gartens Wuppertal e.V. Stadtsparkasse Wuppertal IBAN: DE52 3305 0000 0000 6038 45 BIC: WUPSDE33<\/p>\n","protected":false},"author":1,"featured_media":0,"parent":100,"menu_order":2,"comment_status":"closed","ping_status":"closed","template":"onecolumn-page.php","meta":{"footnotes":""},"class_list":["post-2674","page","type-page","status-publish","hentry"],"_links":{"self":[{"href":"http:\/\/www.botanischer-garten-wuppertal.de\/wordpress\/index.php?rest_route=\/wp\/v2\/pages\/2674","targetHints":{"allow":["GET"]}}],"collection":[{"href":"http:\/\/www.botanischer-garten-wuppertal.de\/wordpress\/index.php?rest_route=\/wp\/v2\/pages"}],"about":[{"href":"http:\/\/www.botanischer-garten-wuppertal.de\/wordpress\/index.php?rest_route=\/wp\/v2\/types\/page"}],"author":[{"embeddable":true,"href":"http:\/\/www.botanischer-garten-wuppertal.de\/wordpress\/index.php?rest_route=\/wp\/v2\/users\/1"}],"replies":[{"embeddable":true,"href":"http:\/\/www.botanischer-garten-wuppertal.de\/wordpress\/index.php?rest_route=%2Fwp%2Fv2%2Fcomments&post=2674"}],"version-history":[{"count":7,"href":"http:\/\/www.botanischer-garten-wuppertal.de\/wordpress\/index.php?rest_route=\/wp\/v2\/pages\/2674\/revisions"}],"predecessor-version":[{"id":10496,"href":"http:\/\/www.botanischer-garten-wuppertal.de\/wordpress\/index.php?rest_route=\/wp\/v2\/pages\/2674\/revisions\/10496"}],"up":[{"embeddable":true,"href":"http:\/\/www.botanischer-garten-wuppertal.de\/wordpress\/index.php?rest_route=\/wp\/v2\/pages\/100"}],"wp:attachment":[{"href":"http:\/\/www.botanischer-garten-wuppertal.de\/wordpress\/index.php?rest_route=%2Fwp%2Fv2%2Fmedia&parent=2674"}],"curies":[{"name":"wp","href":"https:\/\/api.w.org\/{rel}","templated":true}]}}