{"id":2671,"date":"2012-08-08T13:14:25","date_gmt":"2012-08-08T11:14:25","guid":{"rendered":"http:\/\/www.botanischer-garten-wuppertal.de\/wordpress\/?page_id=2671"},"modified":"2025-10-16T11:01:54","modified_gmt":"2025-10-16T09:01:54","slug":"der-forderverein-ladt-ein","status":"publish","type":"page","link":"http:\/\/www.botanischer-garten-wuppertal.de\/wordpress\/?page_id=2671","title":{"rendered":"Der Vorstand"},"content":{"rendered":"<p><img loading=\"lazy\" decoding=\"async\" class=\"alignnone wp-image-8600 size-full\" src=\"http:\/\/www.botanischer-garten-wuppertal.de\/wordpress\/wp-content\/uploads\/2021\/06\/Gela_Preisfeld2.jpg\" alt=\"\" width=\"400\" height=\"304\" srcset=\"http:\/\/www.botanischer-garten-wuppertal.de\/wordpress\/wp-content\/uploads\/2021\/06\/Gela_Preisfeld2.jpg 400w, http:\/\/www.botanischer-garten-wuppertal.de\/wordpress\/wp-content\/uploads\/2021\/06\/Gela_Preisfeld2-300x228.jpg 300w\" sizes=\"auto, (max-width: 400px) 100vw, 400px\" \/><br \/>\n<strong>Prof\u00b4in Dr. Gela Preisfeld<br \/>\nVorsitzende<br \/>\n<\/strong>Inhaberin des Lehrstuhls f\u00fcr Zoologie und Biodidaktik<br \/>\nan der Bergischen Universit\u00e4t<\/p>\n<p><img loading=\"lazy\" decoding=\"async\" class=\"alignnone wp-image-8603\" src=\"http:\/\/www.botanischer-garten-wuppertal.de\/wordpress\/wp-content\/uploads\/2021\/06\/Monika_Steinhof1-1024x798.jpg\" alt=\"\" width=\"400\" height=\"312\" srcset=\"http:\/\/www.botanischer-garten-wuppertal.de\/wordpress\/wp-content\/uploads\/2021\/06\/Monika_Steinhof1-1024x798.jpg 1024w, http:\/\/www.botanischer-garten-wuppertal.de\/wordpress\/wp-content\/uploads\/2021\/06\/Monika_Steinhof1-300x234.jpg 300w, http:\/\/www.botanischer-garten-wuppertal.de\/wordpress\/wp-content\/uploads\/2021\/06\/Monika_Steinhof1-768x599.jpg 768w, http:\/\/www.botanischer-garten-wuppertal.de\/wordpress\/wp-content\/uploads\/2021\/06\/Monika_Steinhof1-1536x1198.jpg 1536w, http:\/\/www.botanischer-garten-wuppertal.de\/wordpress\/wp-content\/uploads\/2021\/06\/Monika_Steinhof1.jpg 1620w\" sizes=\"auto, (max-width: 400px) 100vw, 400px\" \/><br \/>\n<strong>Dr. Monika Steinhof<br \/>\nStellvertretende Vorsitzende<br \/>\n<\/strong>Biologin mit Schwerpunkt Botanik, wissenschaftliche Mitarbeiterin im Lehrstuhl Zoologie und Biodidaktik an der Bergischen Universit\u00e4t<\/p>\n<p><img loading=\"lazy\" decoding=\"async\" class=\"alignnone wp-image-8598 size-full\" src=\"http:\/\/www.botanischer-garten-wuppertal.de\/wordpress\/wp-content\/uploads\/2021\/06\/Frank_Teloeken2.jpg\" alt=\"\" width=\"400\" height=\"304\" srcset=\"http:\/\/www.botanischer-garten-wuppertal.de\/wordpress\/wp-content\/uploads\/2021\/06\/Frank_Teloeken2.jpg 400w, http:\/\/www.botanischer-garten-wuppertal.de\/wordpress\/wp-content\/uploads\/2021\/06\/Frank_Teloeken2-300x228.jpg 300w\" sizes=\"auto, (max-width: 400px) 100vw, 400px\" \/><br \/>\n<strong>Frank Tel\u00f6ken<br \/>\nGesch\u00e4ftsf\u00fchrer<br \/>\n<\/strong>Leiter des Gartendenkmals Hardt mit dem Botanischen Garten<br \/>\nim Ressort Gr\u00fcnfl\u00e4chen und Forsten der Stadt Wuppertal<strong><br \/>\n<\/strong><\/p>\n<p><img loading=\"lazy\" decoding=\"async\" class=\"alignleft wp-image-9098\" src=\"http:\/\/www.botanischer-garten-wuppertal.de\/wordpress\/wp-content\/uploads\/2023\/02\/Dieter-Unruh-2.jpg\" alt=\"\" width=\"400\" height=\"412\" srcset=\"http:\/\/www.botanischer-garten-wuppertal.de\/wordpress\/wp-content\/uploads\/2023\/02\/Dieter-Unruh-2.jpg 1512w, http:\/\/www.botanischer-garten-wuppertal.de\/wordpress\/wp-content\/uploads\/2023\/02\/Dieter-Unruh-2-291x300.jpg 291w, http:\/\/www.botanischer-garten-wuppertal.de\/wordpress\/wp-content\/uploads\/2023\/02\/Dieter-Unruh-2-994x1024.jpg 994w, http:\/\/www.botanischer-garten-wuppertal.de\/wordpress\/wp-content\/uploads\/2023\/02\/Dieter-Unruh-2-768x791.jpg 768w, http:\/\/www.botanischer-garten-wuppertal.de\/wordpress\/wp-content\/uploads\/2023\/02\/Dieter-Unruh-2-1492x1536.jpg 1492w\" sizes=\"auto, (max-width: 400px) 100vw, 400px\" \/><\/p>\n<p>&nbsp;<\/p>\n<p>&nbsp;<\/p>\n<p>&nbsp;<\/p>\n<p>&nbsp;<\/p>\n<p>&nbsp;<\/p>\n<p>&nbsp;<\/p>\n<p>&nbsp;<\/p>\n<p>&nbsp;<\/p>\n<p>&nbsp;<\/p>\n<p><strong>Heinz-Dieter Unruh<br \/>\nSchatzmeister<\/strong><br \/>\n\u201eIch helfe als \u00d6konom gerne mit, den gr\u00fcnen Schatz von Wuppertal zu erhalten.<br \/>\nViel Regen und trockene Zahlen sind dabei eine gute Mischung!&#8220;<\/p>\n<p><img loading=\"lazy\" decoding=\"async\" class=\"alignnone wp-image-8602 size-full\" src=\"http:\/\/www.botanischer-garten-wuppertal.de\/wordpress\/wp-content\/uploads\/2021\/06\/Yvonne_Voskuhl.jpg\" alt=\"\" width=\"400\" height=\"304\" srcset=\"http:\/\/www.botanischer-garten-wuppertal.de\/wordpress\/wp-content\/uploads\/2021\/06\/Yvonne_Voskuhl.jpg 400w, http:\/\/www.botanischer-garten-wuppertal.de\/wordpress\/wp-content\/uploads\/2021\/06\/Yvonne_Voskuhl-300x228.jpg 300w\" sizes=\"auto, (max-width: 400px) 100vw, 400px\" \/><br \/>\n<strong>Yvonne Voskuhl<br \/>\nBeisitzerin<br \/>\n<\/strong>Laborantin im Analytischen Labor der Firma Axalta Wuppertal<strong><br \/>\n<\/strong><\/p>\n<p><img loading=\"lazy\" decoding=\"async\" class=\"alignnone wp-image-8590\" src=\"http:\/\/www.botanischer-garten-wuppertal.de\/wordpress\/wp-content\/uploads\/2021\/06\/Christian_Arlt-1024x768.jpg\" alt=\"\" width=\"400\" height=\"300\" srcset=\"http:\/\/www.botanischer-garten-wuppertal.de\/wordpress\/wp-content\/uploads\/2021\/06\/Christian_Arlt-1024x768.jpg 1024w, http:\/\/www.botanischer-garten-wuppertal.de\/wordpress\/wp-content\/uploads\/2021\/06\/Christian_Arlt-300x225.jpg 300w, http:\/\/www.botanischer-garten-wuppertal.de\/wordpress\/wp-content\/uploads\/2021\/06\/Christian_Arlt-768x576.jpg 768w, http:\/\/www.botanischer-garten-wuppertal.de\/wordpress\/wp-content\/uploads\/2021\/06\/Christian_Arlt-1536x1152.jpg 1536w, http:\/\/www.botanischer-garten-wuppertal.de\/wordpress\/wp-content\/uploads\/2021\/06\/Christian_Arlt-2048x1536.jpg 2048w\" sizes=\"auto, (max-width: 400px) 100vw, 400px\" \/><br \/>\n<strong>Christian Arlt<br \/>\nBeisitzer<br \/>\n<\/strong>Abteilungsleiter Gr\u00fcnfl\u00e4chenunterhaltung<br \/>\nim Ressort Gr\u00fcnfl\u00e4chen und Forsten der Stadt Wuppertal<\/p>\n<p><em>Fotos: Albert Preisfeld<br \/>\n<\/em><\/p>\n","protected":false},"excerpt":{"rendered":"<p>Prof\u00b4in Dr. Gela Preisfeld Vorsitzende Inhaberin des Lehrstuhls f\u00fcr Zoologie und Biodidaktik an der Bergischen Universit\u00e4t Dr. Monika Steinhof Stellvertretende Vorsitzende Biologin mit Schwerpunkt Botanik, wissenschaftliche Mitarbeiterin im Lehrstuhl Zoologie und Biodidaktik an der Bergischen Universit\u00e4t Frank Tel\u00f6ken Gesch\u00e4ftsf\u00fchrer Leiter &hellip; <a href=\"http:\/\/www.botanischer-garten-wuppertal.de\/wordpress\/?page_id=2671\">Weiterlesen <span class=\"meta-nav\">&rarr;<\/span><\/a><\/p>\n","protected":false},"author":1,"featured_media":0,"parent":100,"menu_order":1,"comment_status":"closed","ping_status":"closed","template":"onecolumn-page.php","meta":{"footnotes":""},"class_list":["post-2671","page","type-page","status-publish","hentry"],"_links":{"self":[{"href":"http:\/\/www.botanischer-garten-wuppertal.de\/wordpress\/index.php?rest_route=\/wp\/v2\/pages\/2671","targetHints":{"allow":["GET"]}}],"collection":[{"href":"http:\/\/www.botanischer-garten-wuppertal.de\/wordpress\/index.php?rest_route=\/wp\/v2\/pages"}],"about":[{"href":"http:\/\/www.botanischer-garten-wuppertal.de\/wordpress\/index.php?rest_route=\/wp\/v2\/types\/page"}],"author":[{"embeddable":true,"href":"http:\/\/www.botanischer-garten-wuppertal.de\/wordpress\/index.php?rest_route=\/wp\/v2\/users\/1"}],"replies":[{"embeddable":true,"href":"http:\/\/www.botanischer-garten-wuppertal.de\/wordpress\/index.php?rest_route=%2Fwp%2Fv2%2Fcomments&post=2671"}],"version-history":[{"count":29,"href":"http:\/\/www.botanischer-garten-wuppertal.de\/wordpress\/index.php?rest_route=\/wp\/v2\/pages\/2671\/revisions"}],"predecessor-version":[{"id":10036,"href":"http:\/\/www.botanischer-garten-wuppertal.de\/wordpress\/index.php?rest_route=\/wp\/v2\/pages\/2671\/revisions\/10036"}],"up":[{"embeddable":true,"href":"http:\/\/www.botanischer-garten-wuppertal.de\/wordpress\/index.php?rest_route=\/wp\/v2\/pages\/100"}],"wp:attachment":[{"href":"http:\/\/www.botanischer-garten-wuppertal.de\/wordpress\/index.php?rest_route=%2Fwp%2Fv2%2Fmedia&parent=2671"}],"curies":[{"name":"wp","href":"https:\/\/api.w.org\/{rel}","templated":true}]}}