{"id":25,"date":"2012-02-20T17:17:11","date_gmt":"2012-02-20T16:17:11","guid":{"rendered":"http:\/\/www.botanischer-garten-wuppertal.de\/wordpress\/?page_id=25"},"modified":"2026-05-12T13:13:51","modified_gmt":"2026-05-12T11:13:51","slug":"aktuell","status":"publish","type":"page","link":"http:\/\/www.botanischer-garten-wuppertal.de\/wordpress\/?page_id=25","title":{"rendered":"Aktuell"},"content":{"rendered":"<p style=\"text-align: right;\">12.05.2026<\/p>\n<h2 style=\"text-align: center;\"><strong>Veranstaltungen im Botanischen Garten im Mai<\/strong><\/h2>\n<h2 style=\"text-align: center;\"><strong>Do. 14. Mai (Christi Himmelfahrt) <\/strong><strong>+ So. 10. Mai<br \/>\n<\/strong><strong>2026<\/strong><strong>, <\/strong><strong>15 \u2013 17 Uhr<br \/>\n<\/strong><strong>\u00d6ffnung des Elisenturms und Infos zum F\u00f6rderverein<\/strong><\/h2>\n<p style=\"text-align: center;\">Bei sch\u00f6nem Wetter wird der Elisenturm ge\u00f6ffnet (\u00d6ffnungszeit 15 \u2013 17 Uhr, meist auch fr\u00fcher). Die Besucher genie\u00dfen von der Aussichtsplattform einen Rundumblick \u00fcber den Botanischen Garten, das Gartendenkmal Hardt und die gesamte Stadt Wuppertal. Besucher k\u00f6nnen sich \u00fcber die Arbeit des F\u00f6rdervereins informieren und Vereinsartikel sowie Infomaterial erwerben.<br \/>\n<em>Turm\u00f6ffnung durch die ehrenamtlichen Mitglieder des Vereins der Freunde und F\u00f6rderer des Botanischen Gartens Wuppertal e.V.<br \/>\n<\/em><em>Eine Spende f\u00fcr den F\u00f6rderverein ist erw\u00fcnscht. <\/em><em>Aus Brandschutzgr\u00fcnden d\u00fcrfen keine Personen mit Gehbeeintr\u00e4chtigung auf den Turm. Die Personenzahl ist auf 40 begrenzt.<br \/>\n<\/em><strong>Ort: Elisenturm<\/strong><\/p>\n<hr \/>\n<h2 style=\"text-align: center;\"><strong><span style=\"color: #ff0000;\">Dieser Termin f\u00e4llt leider aus:<\/span><br \/>\nSa. 16. Mai 2026, 16 \u2013 18 Uhr<br \/>\nDeutsch geht gut \u2013 Lernspaziergang<\/strong><br \/>\n<em>F\u00fcr Menschen mit Flucht- oder Migrationshintergrund und alle, die Deutsch lernen wollen<\/em><\/h2>\n<p style=\"text-align: center;\">Eva-Maria Rinke, Dipl.-Sozialp\u00e4dagogin (FH)<br \/>\nAnmeldung unter <a href=\"mailto:info@wuppervital.de\">info@wuppervital.de<\/a><br \/>\nWeitere Infos und aktuelle Termine: <a href=\"http:\/\/www.wuppervital.de\" target=\"_blank\" rel=\"noopener\">www.wuppervital.de<\/a><br \/>\n<strong>Treffpunkt: Gartenzimmer der Villa Eller<br \/>\n<\/strong><span style=\"color: #ff0000;\"><em>Am Sa. 23. Mai ist der Treffpunkt ausnahmsweise am Toelleturm in Barmen, 16 Uhr<br \/>\nN\u00e4chster Termin im Botanischen Garten: Sa. 30. Mai, 16 Uhr.<\/em><\/span><\/p>\n<hr \/>\n<h2 style=\"text-align: center;\"><strong>Mo. 18. Mai 2026, 18 Uhr<br \/>\nLachyoga<\/strong><\/h2>\n<p style=\"text-align: center;\">Herzhaftes Lachen ist f\u00fcr K\u00f6rper, Geist und Seele eine wirkungsvolle Medizin. Es aktiviert heilsame Energien, st\u00e4rkt das Immunsystem und verbessert das allgemeine Wohlbefinden und die Leistungsf\u00e4higkeit.<br \/>\nKursleitung: Evelyn Hinz, Lachyogatrainerin<br \/>\n<em>Um Anmeldung wird gebeten: Tel. 0202 471882, E-Mail: <\/em>evelyn_hinz@yahoo.de<br \/>\n<strong>Treffpunkt: Vor den Glash\u00e4usern<br \/>\n<\/strong><em>Weitere Termine immer montags<\/em><\/p>\n<hr \/>\n<h2 style=\"text-align: center;\"><strong>Mi. 20. Mai 2026, 19 Uhr<br \/>\nAchtsamkeitsspaziergang mit Dr. Elke Baldy<\/strong><\/h2>\n<h2 style=\"text-align: center;\">Achtsamkeitspraxis f\u00fcr gelingende Beziehungen<\/h2>\n<p style=\"text-align: center;\">Ein Spaziergang zur tiefen Entspannung und Verfeinerung der Wahrnehmung. Achtsamkeit ist ein lebenslanger Prozess, der hilft, das eigene Bewusstsein erweitern, Stress abzubauen und mit Herausforderungen gelassener umzugehen. Sie f\u00f6rdert zudem positive soziale Beziehungen, Lebensfreude und Gelassenheit und st\u00e4rkt die Gesundheit von K\u00f6rper, Geist und Seele.<br \/>\n<em>Kontakt (Anmeldung erw\u00fcnscht): Elke Baldy, Tel. 0160 93883703, dr.elke.baldy@icloud.com<br \/>\n<\/em><strong>Treffpunkt: Garteneingang am Elisenturm<\/strong><\/p>\n<hr \/>\n<h2 style=\"text-align: center;\"><strong>Fr. 22. Mai 2026, 14 Uhr<br \/>\nInternationaler Tag der biologischen Vielfalt:<br \/>\nF\u00fchrung durch den Botanischen Garten<\/strong><\/h2>\n<p style=\"text-align: center;\">Anl\u00e4sslich des <strong>Internationalen Tages der Artenvielfalt<\/strong> l\u00e4dt der Botanische Garten zu einer besonderen Themenf\u00fchrung ein, die den Blick f\u00fcr die faszinierende F\u00fclle der Natur sch\u00e4rft. Im Mittelpunkt steht dabei nicht nur die beeindruckende Vielfalt der Pflanzenwelt, sondern auch das komplexe Zusammenspiel der Arten untereinander. Wir zeigen Ihnen spannende Wechselbeziehungen zwischen Flora und Fauna auf und beleuchten die oft untersch\u00e4tzte, aber lebenswichtige Rolle der Pilze in unseren \u00d6kosystemen.<br \/>\nEntdecken Sie mit uns die eng verwoben Interaktionen verschiedener Organismen und erfahren Sie mehr \u00fcber die wichtige Bedeutung des Artenschutzes.<br \/>\nDr. Dennise Stefan Bauer, Botanischer Garten<br \/>\n<strong>Treffpunkt: Garteneingang am Elisenturm<\/strong><\/p>\n<hr \/>\n<h2 style=\"text-align: center;\"><strong>Sa. 23. + So. 24. Mai 2026, 9 \u2013 19 Uhr<br \/>\nBilderausstellung von Enrica Sperati<\/strong><\/h2>\n<p style=\"text-align: center;\">Die Wuppertaler K\u00fcnstlerin Enrica Sperati stellt eine Auswahl ihrer Werke im Gartenzimmer der Villa Eller aus. Die Malerin erschafft phantasievolle Bilder in Acryl auf Leinwand. Im Focus ihres k\u00fcnstlerischen Schaffens stehen stimmungsvolle Landschaften und Szenen in leuchtenden Farben.<br \/>\n<strong>Ort: Gartenzimmer.<\/strong><em> Der Eintritt ist frei.<\/em><\/p>\n<p><a href=\"http:\/\/www.botanischer-garten-wuppertal.de\/wordpress\/wp-content\/uploads\/2026\/05\/2026-05_Werbeplakat_Bilderausstellung_Mai_Enrica_Sperati.pdf\" target=\"_blank\" rel=\"noopener\"><img loading=\"lazy\" decoding=\"async\" class=\"alignnone size-large wp-image-10546\" src=\"http:\/\/www.botanischer-garten-wuppertal.de\/wordpress\/wp-content\/uploads\/2026\/05\/2026-05_Werbeplakat_Bilderausstellung_Mai_Enrica_Sperati-716x1024.jpg\" alt=\"\" width=\"640\" height=\"915\" srcset=\"http:\/\/www.botanischer-garten-wuppertal.de\/wordpress\/wp-content\/uploads\/2026\/05\/2026-05_Werbeplakat_Bilderausstellung_Mai_Enrica_Sperati-716x1024.jpg 716w, http:\/\/www.botanischer-garten-wuppertal.de\/wordpress\/wp-content\/uploads\/2026\/05\/2026-05_Werbeplakat_Bilderausstellung_Mai_Enrica_Sperati-210x300.jpg 210w, http:\/\/www.botanischer-garten-wuppertal.de\/wordpress\/wp-content\/uploads\/2026\/05\/2026-05_Werbeplakat_Bilderausstellung_Mai_Enrica_Sperati-768x1098.jpg 768w, http:\/\/www.botanischer-garten-wuppertal.de\/wordpress\/wp-content\/uploads\/2026\/05\/2026-05_Werbeplakat_Bilderausstellung_Mai_Enrica_Sperati.jpg 888w\" sizes=\"auto, (max-width: 640px) 100vw, 640px\" \/><\/a><\/p>\n<hr \/>\n<p style=\"text-align: right;\">10.02.2026<\/p>\n<h2 style=\"text-align: center;\"><span style=\"color: #000000;\"><span style=\"caret-color: #000000;\"><b>Jahresprogrammheft 2026<\/b><\/span><\/span><\/h2>\n<p style=\"text-align: center;\"><span style=\"color: #000000;\"><span style=\"caret-color: #000000;\"><b>Das Jahresprogrammheft mit den\u00a0 Veranstaltungen f\u00fcr 2026 ist erschienen und liegt im Botanischen Garten kostenlos zum Mitnehmen aus.<\/b><\/span><\/span><\/p>\n<p>Die neuen Veranstaltungen finden Sie bei\u00a0 <a href=\"https:\/\/www.botanischer-garten-wuppertal.de\/wordpress\/?page_id=34\">Veranstaltungen<\/a> bzw. den Unterpunkten.<\/p>\n<p><a href=\"http:\/\/www.botanischer-garten-wuppertal.de\/wordpress\/wp-content\/uploads\/2026\/02\/jahresprogrammdruck_2026-digital_kleiner.pdf\" target=\"_blank\" rel=\"noopener\"><img loading=\"lazy\" decoding=\"async\" class=\"wp-image-10484 aligncenter\" style=\"font-size: 16px;\" src=\"http:\/\/www.botanischer-garten-wuppertal.de\/wordpress\/wp-content\/uploads\/2026\/01\/Titelbild-Jahresprogramm-203x300.jpg\" alt=\"\" width=\"200\" height=\"295\" srcset=\"http:\/\/www.botanischer-garten-wuppertal.de\/wordpress\/wp-content\/uploads\/2026\/01\/Titelbild-Jahresprogramm-203x300.jpg 203w, http:\/\/www.botanischer-garten-wuppertal.de\/wordpress\/wp-content\/uploads\/2026\/01\/Titelbild-Jahresprogramm.jpg 566w\" sizes=\"auto, (max-width: 200px) 100vw, 200px\" \/><\/a><\/p>\n","protected":false},"excerpt":{"rendered":"<p>12.05.2026 Veranstaltungen im Botanischen Garten im Mai Do. 14. Mai (Christi Himmelfahrt) + So. 10. Mai 2026, 15 \u2013 17 Uhr \u00d6ffnung des Elisenturms und Infos zum F\u00f6rderverein Bei sch\u00f6nem Wetter wird der Elisenturm ge\u00f6ffnet (\u00d6ffnungszeit 15 \u2013 17 Uhr, &hellip; <a href=\"http:\/\/www.botanischer-garten-wuppertal.de\/wordpress\/?page_id=25\">Weiterlesen <span class=\"meta-nav\">&rarr;<\/span><\/a><\/p>\n","protected":false},"author":1,"featured_media":0,"parent":0,"menu_order":2,"comment_status":"closed","ping_status":"closed","template":"onecolumn-page.php","meta":{"footnotes":""},"class_list":["post-25","page","type-page","status-publish","hentry"],"_links":{"self":[{"href":"http:\/\/www.botanischer-garten-wuppertal.de\/wordpress\/index.php?rest_route=\/wp\/v2\/pages\/25","targetHints":{"allow":["GET"]}}],"collection":[{"href":"http:\/\/www.botanischer-garten-wuppertal.de\/wordpress\/index.php?rest_route=\/wp\/v2\/pages"}],"about":[{"href":"http:\/\/www.botanischer-garten-wuppertal.de\/wordpress\/index.php?rest_route=\/wp\/v2\/types\/page"}],"author":[{"embeddable":true,"href":"http:\/\/www.botanischer-garten-wuppertal.de\/wordpress\/index.php?rest_route=\/wp\/v2\/users\/1"}],"replies":[{"embeddable":true,"href":"http:\/\/www.botanischer-garten-wuppertal.de\/wordpress\/index.php?rest_route=%2Fwp%2Fv2%2Fcomments&post=25"}],"version-history":[{"count":1699,"href":"http:\/\/www.botanischer-garten-wuppertal.de\/wordpress\/index.php?rest_route=\/wp\/v2\/pages\/25\/revisions"}],"predecessor-version":[{"id":10552,"href":"http:\/\/www.botanischer-garten-wuppertal.de\/wordpress\/index.php?rest_route=\/wp\/v2\/pages\/25\/revisions\/10552"}],"wp:attachment":[{"href":"http:\/\/www.botanischer-garten-wuppertal.de\/wordpress\/index.php?rest_route=%2Fwp%2Fv2%2Fmedia&parent=25"}],"curies":[{"name":"wp","href":"https:\/\/api.w.org\/{rel}","templated":true}]}}