{"id":2011,"date":"2012-02-29T11:19:55","date_gmt":"2012-02-29T10:19:55","guid":{"rendered":"http:\/\/www.botanischer-garten-wuppertal.de\/wordpress\/?page_id=2011"},"modified":"2026-01-07T12:32:12","modified_gmt":"2026-01-07T11:32:12","slug":"impressum","status":"publish","type":"page","link":"http:\/\/www.botanischer-garten-wuppertal.de\/wordpress\/?page_id=2011","title":{"rendered":"Impressum"},"content":{"rendered":"<h2><strong>Impressum<\/strong><\/h2>\n<p>&nbsp;<\/p>\n<p><strong>Herausgeber dieser Homepage:<\/strong><img loading=\"lazy\" decoding=\"async\" class=\"wp-image-9586 size-thumbnail alignright\" src=\"http:\/\/www.botanischer-garten-wuppertal.de\/wordpress\/wp-content\/uploads\/2024\/06\/Logo-2-80x80.jpg\" alt=\"\" width=\"80\" height=\"80\" \/><strong><br \/>\nVerein der Freunde\u00a0<\/strong><strong>und F\u00f6rderer des Botanischen Gartens e.V.<br \/>\n<\/strong>Elisenh\u00f6he 1<br \/>\n42107 Wuppertal<\/p>\n<p><img loading=\"lazy\" decoding=\"async\" class=\"size-full wp-image-9 alignright\" style=\"font-size: 16px; font-weight: bold;\" title=\"logo\" src=\"http:\/\/www.botanischer-garten-wuppertal.de\/wordpress\/wp-content\/uploads\/2012\/02\/logo.gif\" alt=\"\" width=\"100\" height=\"67\" \/><\/p>\n<p>Die Verantwortung f\u00fcr die allgemeinen st\u00e4dtischen Informationen liegt bei der Stadt Wuppertal.<\/p>\n<p>Verantwortlich f\u00fcr die Informationen \u00fcber den Botanischen Garten und \u00fcber das Veranstaltungsangebot des F\u00f6rdervereins ist der Gesch\u00e4ftsf\u00fchrer des F\u00f6rdervereins<br \/>\nFrank Tel\u00f6ken<strong><br \/>\n<\/strong>Botanischer Garten Wuppertal<br \/>\nElisenh\u00f6he 1<br \/>\n42107 Wuppertal<br \/>\nTel.: 0202 563-41 80<br \/>\nFax: 0202 563-80 92<br \/>\nE-Mail: <a href=\"mailto:verein.botanischergarten@stadt.wuppertal.de\" target=\"_blank\" rel=\"noopener\">verein.botanischergarten@stadt.wuppertal.de<\/a><\/p>\n<p>Fotos im Bereich &#8218;Fotogalerie&#8216;: Prof. Dr. Manfred Brusten<br \/>\nHeader-Fotos: Anja Hennern<\/p>\n<p><strong>Haftungsausschluss<\/strong><br \/>\nDer Botanische Garten (Stadt Wuppertal) und der Verein der Freunde und F\u00f6rderer des Botanischen Gartens e.V. erstellen die Informationen f\u00fcr dieses Internetangebot mit gro\u00dfer Sorgfalt und sind darum bem\u00fcht, Aktualit\u00e4t, Korrektheit und Vollst\u00e4ndigkeit sicher zu stellen. Alle Inhalte sind zur allgemeinen Information bestimmt und stellen keine Beratungsdienstleistung dar. Der Botanische Garten Wuppertal und der F\u00f6rderverein \u00fcbernehmen keine Gew\u00e4hr und haften nicht f\u00fcr etwaige Sch\u00e4den materieller oder ideeller Art, die durch Nutzung der Information verursacht werden, soweit sie nicht nachweislich durch Vorsatz oder grobe Fahrl\u00e4ssigkeit verschuldet sind.<br \/>\nSoweit auf Fremd-Angebote im Internet verwiesen wird (sogenannte &#8218;links&#8216;), so ist zu beachten, dass die Inhalte der &#8218;verlinkten Seiten&#8216; von Personen und Institutionen gestaltet werden, auf die der Botanische Garten Wuppertal und der F\u00f6rderverein keinen Einfluss haben; beide machen sich daher die dort aufgef\u00fchrten Inhalte weder zu eigen noch \u00fcbernehmen sie f\u00fcr die Angebote Dritter irgendeine Haftung.<\/p>\n<p>Bei der Erstellung und der Ver\u00f6ffentlichung von Fotos, mit denen die \u00f6ffentlichen Veranstaltungen des F\u00f6rdervereins dokumentiert werden, werden selbstverst\u00e4ndlich die derzeit geltenden rechtlichen und ethischen Grunds\u00e4tze (vgl. z.B. \u00a7 23 Kunsturheberrechtsgesetz) beachtet. Sollte dennoch einer der abgebildeten Personen (oder deren gesetzliche Vertreter) einer Ver\u00f6ffentlichung aufgrund eines pers\u00f6nlichen Grundes bzw. berechtigten Interesses widersprechen, so ist der F\u00f6rderverein gern bereit, die Ver\u00f6ffentlichung des entsprechenden Fotos zur\u00fcckzuziehen.<\/p>\n<p><a href=\"http:\/\/www.preisfeld.net\" target=\"_blank\" rel=\"noopener\"><img loading=\"lazy\" decoding=\"async\" class=\"alignleft size-full wp-image-2024\" title=\"cms-internet-design-logo\" src=\"http:\/\/www.botanischer-garten-wuppertal.de\/wordpress\/wp-content\/uploads\/2012\/02\/cms-internet-design-logo.jpg\" alt=\"\" width=\"363\" height=\"91\" srcset=\"http:\/\/www.botanischer-garten-wuppertal.de\/wordpress\/wp-content\/uploads\/2012\/02\/cms-internet-design-logo.jpg 363w, http:\/\/www.botanischer-garten-wuppertal.de\/wordpress\/wp-content\/uploads\/2012\/02\/cms-internet-design-logo-300x75.jpg 300w\" sizes=\"auto, (max-width: 363px) 100vw, 363px\" \/><\/a><\/p>\n<p>&nbsp;<\/p>\n","protected":false},"excerpt":{"rendered":"<p>Impressum &nbsp; Herausgeber dieser Homepage: Verein der Freunde\u00a0und F\u00f6rderer des Botanischen Gartens e.V. Elisenh\u00f6he 1 42107 Wuppertal Die Verantwortung f\u00fcr die allgemeinen st\u00e4dtischen Informationen liegt bei der Stadt Wuppertal. Verantwortlich f\u00fcr die Informationen \u00fcber den Botanischen Garten und \u00fcber das &hellip; <a href=\"http:\/\/www.botanischer-garten-wuppertal.de\/wordpress\/?page_id=2011\">Weiterlesen <span class=\"meta-nav\">&rarr;<\/span><\/a><\/p>\n","protected":false},"author":1,"featured_media":0,"parent":0,"menu_order":11,"comment_status":"closed","ping_status":"closed","template":"onecolumn-page.php","meta":{"footnotes":""},"class_list":["post-2011","page","type-page","status-publish","hentry"],"_links":{"self":[{"href":"http:\/\/www.botanischer-garten-wuppertal.de\/wordpress\/index.php?rest_route=\/wp\/v2\/pages\/2011","targetHints":{"allow":["GET"]}}],"collection":[{"href":"http:\/\/www.botanischer-garten-wuppertal.de\/wordpress\/index.php?rest_route=\/wp\/v2\/pages"}],"about":[{"href":"http:\/\/www.botanischer-garten-wuppertal.de\/wordpress\/index.php?rest_route=\/wp\/v2\/types\/page"}],"author":[{"embeddable":true,"href":"http:\/\/www.botanischer-garten-wuppertal.de\/wordpress\/index.php?rest_route=\/wp\/v2\/users\/1"}],"replies":[{"embeddable":true,"href":"http:\/\/www.botanischer-garten-wuppertal.de\/wordpress\/index.php?rest_route=%2Fwp%2Fv2%2Fcomments&post=2011"}],"version-history":[{"count":33,"href":"http:\/\/www.botanischer-garten-wuppertal.de\/wordpress\/index.php?rest_route=\/wp\/v2\/pages\/2011\/revisions"}],"predecessor-version":[{"id":10417,"href":"http:\/\/www.botanischer-garten-wuppertal.de\/wordpress\/index.php?rest_route=\/wp\/v2\/pages\/2011\/revisions\/10417"}],"wp:attachment":[{"href":"http:\/\/www.botanischer-garten-wuppertal.de\/wordpress\/index.php?rest_route=%2Fwp%2Fv2%2Fmedia&parent=2011"}],"curies":[{"name":"wp","href":"https:\/\/api.w.org\/{rel}","templated":true}]}}