{"id":2001,"date":"2012-02-29T11:10:50","date_gmt":"2012-02-29T10:10:50","guid":{"rendered":"http:\/\/www.botanischer-garten-wuppertal.de\/wordpress\/?page_id=2001"},"modified":"2026-01-09T14:54:30","modified_gmt":"2026-01-09T13:54:30","slug":"fruher-heute","status":"publish","type":"page","link":"http:\/\/www.botanischer-garten-wuppertal.de\/wordpress\/?page_id=2001","title":{"rendered":"Fr\u00fcher &#038; heute"},"content":{"rendered":"<h2><strong>Der Botanische Garten fr\u00fcher und heute<\/strong><\/h2>\n<p><img loading=\"lazy\" decoding=\"async\" class=\"alignnone size-full wp-image-10474\" src=\"http:\/\/www.botanischer-garten-wuppertal.de\/wordpress\/wp-content\/uploads\/2026\/01\/pic1234295805.jpg\" alt=\"\" width=\"599\" height=\"389\" srcset=\"http:\/\/www.botanischer-garten-wuppertal.de\/wordpress\/wp-content\/uploads\/2026\/01\/pic1234295805.jpg 599w, http:\/\/www.botanischer-garten-wuppertal.de\/wordpress\/wp-content\/uploads\/2026\/01\/pic1234295805-300x195.jpg 300w\" sizes=\"auto, (max-width: 599px) 100vw, 599px\" \/><\/p>\n<p>Der Botanische Garten Wuppertal wurde\u00a01890 als Schulgarten\u00a0auf der Fl\u00e4che des heutigen Rosengartens auf der Hardt (Zentrale Parkanlage in Wuppertal)\u00a0angelegt.<\/p>\n<p>Im\u00a0Jahre 1910\u00a0wurde dieser aus Platzgr\u00fcnden\u00a0in das Gartengel\u00e4nde der Eller&#8217;schen Villa verlegt. Seit diesem Zeitpunkt bilden die Eller&#8217;sche Villa und der in der unmittelbaren Nachbarschaft stehende Elisenturm mit dem Botanischen Garten eine Einheit.<\/p>\n<p><strong>Der 1838 erbaute <a href=\"http:\/\/www.botanischer-garten-wuppertal.de\/wordpress\/?page_id=9477\">Elisenturm<\/a> steht auf dem h\u00f6chsten Punkt des Botanischen Gartens (220 m \u00fcber NN). Mit einer H\u00f6he von 21,40 m ist er weithin sichtbar und bildet den optischen Mittelpunkt dieses Bereiches der Hardtanlage.<\/strong><br \/>\nEr erhielt seinen Namen nach Elise, der Gemahlin Friedrich Wilhelms IV. von Preu\u00dfen und steht, wie die Eller&#8217;sche Villa, unter Denkmalschutz. Im sehr sch\u00f6nen Kuppelsaal des Turmes finden standesamtliche Trauungen statt.<\/p>\n<p><strong>Seit 1993 besteht der <a href=\"http:\/\/www.botanischer-garten-wuppertal.de\/wordpress\/?page_id=100\">Verein der Freunde und F\u00f6rderer des Botanischen Gartens Wuppertal e.V.<\/a><\/strong>\u00a0Er unterst\u00fctzt den Botanischen Garten durch aktive Mitarbeit, durch Sachspenden und \u00d6ffentlichkeitsarbeit. Gr\u00f6\u00dfte bisherige Anschaffung des F\u00f6rdervereins ist das im Jahr 2000 erstelle Schaugew\u00e4chshaus f\u00fcr sukkulente (wasserspeichernde) Pflanzen. Heute gewinnt bei derzeit \u00fcber 25.000 gef\u00e4hrdeten und vom Aussterben bedrohten Arten der Naturschutz mehr und mehr an Bedeutung. Durch Kultur und Vermehrung dieser Arten wird deren Fortbestand gew\u00e4hrleistet und eine eventuelle Wiederansiedlung in der freien Natur m\u00f6glich gemacht. Der Botanische Garten Wuppertal nimmt an einem weltweiten Samentausch mit anderen Botanischen G\u00e4rten teil.<\/p>\n<p>Bei F\u00fchrungen durch den Garten werden botanische Aspekte und \u00f6kologische Zusammenh\u00e4nge \u2013 auch f\u00fcr Laien verst\u00e4ndlich \u2013 vermittelt.<\/p>\n<p>Die von M\u00e4rz bis September einmal monatlich angebotene\u00a0<a href=\"http:\/\/www.botanischer-garten-wuppertal.de\/wordpress\/?page_id=71\"><strong>Pflanzenberatung<\/strong><\/a>\u00a0wird von vielen Ratsuchenden gerne angenommen.<\/p>\n<p><strong>Schwerpunkte sind hierbei:<\/strong><br \/>\n&#8211; Diagnosen von Pflanzenkrankheiten<br \/>\n&#8211; Bestimmung von Sch\u00e4digungen<br \/>\n&#8211; Aufzeigen von Behandlungsm\u00f6glichkeiten<br \/>\n&#8211; Hinweise zur Pflanzenern\u00e4hrung<br \/>\n&#8211; Tipps zur Pflanzenverwendung und Pflanzenauswahl<br \/>\n&#8211; Tipps f\u00fcr eine naturnahe Gartengestaltung, z. B. Biotope<br \/>\n&#8211; Kompostierung<br \/>\n&#8211; Verwendung heimischer Pflanzen<br \/>\n&#8211; biologischer Pflanzenschutz, etc.<\/p>\n<p><strong>2007 \u2013 Neue Schaugew\u00e4chshausanlage f\u00fcr den Botanischen Garten\u00a0<\/strong><\/p>\n<p>N\u00f6rdlich des Gartens lag die im Jahre 2003 aus Kostengr\u00fcnden geschlossene Stadtg\u00e4rtnerei. Landschaftsarchitektonisch war Sie seit fast 100 Jahren ein Riegel, der die zentrale Parkanlage &#8222;Hardt&#8220; zerschnitt.<\/p>\n<p>In einem Parkpflegewerk f\u00fcr die Parkanlage Hardt von 1990, das die Wuppertaler Landschaftsarchitekten Gustav und Rose W\u00f6rner im Auftrag der Stadt erstellt haben, wurde die Idee der Erweiterung der Parkanlage auf dieser Fl\u00e4che aufgegriffen. Damals wurde u.a. schon vorgeschlagen, den offenen Gr\u00fcnzug mit gro\u00dfz\u00fcgigen Wiesenr\u00e4umen in Ost-West-Richtung zu erweitern, den Botanischen Garten und den Elisenturm mit Wegen und entsprechenden Blickverbindungen anzubinden sowie eine locker angeordnete Geb\u00e4udegruppe als Schaugew\u00e4chsh\u00e4user auszuweisen.<\/p>\n<p>Praktische Gr\u00fcnde haben Botanischen Garten und Stadtg\u00e4rtnerei \u00fcber Jahrzehnte verbunden. Wurden doch in der Stadtg\u00e4rtnerei die nicht frostharten Gew\u00e4chse \u00fcberwintert und Anzuchten der einj\u00e4hrigen Sommerblumen und anderer Pflanzen durchgef\u00fchrt. Nach Schlie\u00dfung der Stadtg\u00e4rtnerei musste neu organisiert werden.<br \/>\nDurch die Regionale 2006\u00a0wurde im Rahmen des Freiraumprogramms Talachse, das zu den Leitprojekten der Stadt Wuppertal geh\u00f6rt, der Bau einer neuen Schaugew\u00e4chshausanlage m\u00f6glich.<\/p>\n<p>Die Regionale 2006 war ein Entwicklungsinstrument f\u00fcr das Bergische St\u00e4dtedreieck. Getragen wurde die Regionale 2006 von den St\u00e4dten Remscheid, Solingen und Wuppertal, gef\u00f6rdert wurde sie durch das Land Nordrhein-Westfalen. Die drei St\u00e4dte haben seit 2001 gemeinsam strukturwirksame Projekte entwickelt, die st\u00e4dtebauliche, kulturelle und wirtschaftliche Akzente f\u00fcr den Strukturwandel in der Region setzen. Ziel ist, die Region zu profilieren und zukunftsf\u00e4hig zu machen.<br \/>\nIm Rahmen der Regionale 2006 wurde das ehemalige Gel\u00e4nde der Stadtg\u00e4rtnerei zu einem &#8222;<strong>Neuen Garten f\u00fcr die Stadt<\/strong>&#8220; umgestaltet und in die Parkanlage integriert. Gegen\u00fcber des Botanischen Gartens und dem Elisenturm entstand ein gro\u00dfz\u00fcgiger Platz mit einer lang gestreckten Wassertreppe in der Mitte.<br \/>\nAn der Nordseite des Platzes wurden drei Gew\u00e4chsh\u00e4user in einer S\u00fcd-Nord-Achse errichtet. Ein gro\u00dfes Demonstrationsgew\u00e4chshaus mit rund 400 m\u00b2 Grundfl\u00e4che und zwei kleinere Satelliten mit jeweils rund 100 m\u00b2 Grundfl\u00e4che schieben sich in den Park hinein. Diese Gew\u00e4chsh\u00e4user stellen nun die Erweiterung des Botanischen Gartens dar und bieten Platz f\u00fcr die Pflanzen\u00fcberwinterung, Pflanzendemonstration und Anzuchten.<\/p>\n<p>Das Demonstrationsgew\u00e4chshaus auf der S\u00fcdseite beherbergt erstmalig tropische Pflanzen auf einer Fl\u00e4che von ca. 150 qm. Schwerpunkt sind tropische Nutzpflanzen. Die Nordseite des Hauses mit ca. 250 qm ist im Sommer als Ausstellungs- und Veranstaltungsfl\u00e4che, im Winter zur \u00dcberwinterung von Pflanzen genutzt.<br \/>\nDie beiden kleineren, jeweils 100 qm gro\u00dfen Gew\u00e4chsh\u00e4user, bieten Platz f\u00fcr Spezialsammlungen von Zwiebeln- und Knollengew\u00e4chsen sowie Kakteen.<\/p>\n<p>Die gesamte Anlage des &#8222;<strong>Neuen Gartens Hardt<\/strong>&#8220; auf einer Fl\u00e4che von 3,6 ha wurde am<br \/>\n<strong>05. Mai 2007 vom Wuppertaler Oberb\u00fcrgermeister Peter Jung\u00a0<\/strong>in einem feierlichen Akt eingeweiht und der \u00d6ffentlichkeit \u00fcbergeben.<\/p>\n","protected":false},"excerpt":{"rendered":"<p>Der Botanische Garten fr\u00fcher und heute Der Botanische Garten Wuppertal wurde\u00a01890 als Schulgarten\u00a0auf der Fl\u00e4che des heutigen Rosengartens auf der Hardt (Zentrale Parkanlage in Wuppertal)\u00a0angelegt. Im\u00a0Jahre 1910\u00a0wurde dieser aus Platzgr\u00fcnden\u00a0in das Gartengel\u00e4nde der Eller&#8217;schen Villa verlegt. Seit diesem Zeitpunkt bilden &hellip; <a href=\"http:\/\/www.botanischer-garten-wuppertal.de\/wordpress\/?page_id=2001\">Weiterlesen <span class=\"meta-nav\">&rarr;<\/span><\/a><\/p>\n","protected":false},"author":1,"featured_media":0,"parent":0,"menu_order":7,"comment_status":"closed","ping_status":"closed","template":"onecolumn-page.php","meta":{"footnotes":""},"class_list":["post-2001","page","type-page","status-publish","hentry"],"_links":{"self":[{"href":"http:\/\/www.botanischer-garten-wuppertal.de\/wordpress\/index.php?rest_route=\/wp\/v2\/pages\/2001","targetHints":{"allow":["GET"]}}],"collection":[{"href":"http:\/\/www.botanischer-garten-wuppertal.de\/wordpress\/index.php?rest_route=\/wp\/v2\/pages"}],"about":[{"href":"http:\/\/www.botanischer-garten-wuppertal.de\/wordpress\/index.php?rest_route=\/wp\/v2\/types\/page"}],"author":[{"embeddable":true,"href":"http:\/\/www.botanischer-garten-wuppertal.de\/wordpress\/index.php?rest_route=\/wp\/v2\/users\/1"}],"replies":[{"embeddable":true,"href":"http:\/\/www.botanischer-garten-wuppertal.de\/wordpress\/index.php?rest_route=%2Fwp%2Fv2%2Fcomments&post=2001"}],"version-history":[{"count":8,"href":"http:\/\/www.botanischer-garten-wuppertal.de\/wordpress\/index.php?rest_route=\/wp\/v2\/pages\/2001\/revisions"}],"predecessor-version":[{"id":10476,"href":"http:\/\/www.botanischer-garten-wuppertal.de\/wordpress\/index.php?rest_route=\/wp\/v2\/pages\/2001\/revisions\/10476"}],"wp:attachment":[{"href":"http:\/\/www.botanischer-garten-wuppertal.de\/wordpress\/index.php?rest_route=%2Fwp%2Fv2%2Fmedia&parent=2001"}],"curies":[{"name":"wp","href":"https:\/\/api.w.org\/{rel}","templated":true}]}}