{"id":100,"date":"2012-02-21T11:54:26","date_gmt":"2012-02-21T10:54:26","guid":{"rendered":"http:\/\/www.botanischer-garten-wuppertal.de\/wordpress\/?page_id=100"},"modified":"2013-01-18T13:11:15","modified_gmt":"2013-01-18T12:11:15","slug":"forderverein","status":"publish","type":"page","link":"http:\/\/www.botanischer-garten-wuppertal.de\/wordpress\/?page_id=100","title":{"rendered":"F\u00f6rderverein"},"content":{"rendered":"<p><em><br \/>\n<\/em> <strong>Der Verein der Freunde und F\u00f6rderer des Botanische Garten Wuppertal e.V.\u00a0<img loading=\"lazy\" decoding=\"async\" class=\"alignright size-full wp-image-9\" title=\"logo\" alt=\"\" src=\"http:\/\/www.botanischer-garten-wuppertal.de\/wordpress\/wp-content\/uploads\/2012\/02\/logo.gif\" width=\"100\" height=\"67\" \/><\/strong><\/p>\n<div>\n<p>Der Verein wurde Ende 1993 gegr\u00fcndet und hat sich als Ziel gesetzt, die Attraktivit\u00e4t des Gartens zu steigern, den Garten in seinen Aufgaben zu unterst\u00fctzen und somit seine Existenz dauerhaft zu sichern. Zahlreiche Aktivit\u00e4ten werden vom F\u00f6rderverein angeboten. So geh\u00f6ren Exkursionen und Bildungsreisen, Fachvortr\u00e4ge, die Vorstellung von Pflanzen in der Reihe \u201dPflanze des Monats\u201d und die Ausrichtung des allj\u00e4hrlichen Festes \u201dRund um den Elisenturm\u201d zum F\u00f6rderangebot. Weiterhin sind zahlreiche Anschaffungen nur durch die Unterst\u00fctzung der Freunde und F\u00f6rderer m\u00f6glich gewesen. Hierzu z\u00e4hlen unter anderem der beleuchtete \u00dcbersichtsplan am Eingang des Gartens, der Neubau des Schaugew\u00e4chshauses f\u00fcr sukkulente Pflanzen, die Anschaffung einer computergesteuerten Graviermaschine und der Neubau im Jahre 2009 des Heilpflanzen- und Gew\u00fcrzgartens. Ebenfalls ist ein sehr ansprechender Gartenf\u00fchrer erstellt und gedruckt, sowie eine Fachbibliothek aufgebaut worden.<\/p>\n<p>Nat\u00fcrlich besteht der Wunsch auch in der Zukunft noch einiges rund um den Botanischen Garten und seinem Bildungsauftrag zu verbessern. So stehen unter anderem die Renovierung und Rekonstruktion der Eller`schen Villa auf der zu f\u00f6rdernden Wunschliste. Diese Rekonstruktion w\u00fcrde nicht nur die in den letzten Jahren durch \u201dRegionale 2006\u201d und den \u201dNeuen Garten Hardt\u201d erheblich gesteigerte Attraktivit\u00e4t abrunden, sondern auch zus\u00e4tzliche R\u00e4ume f\u00fcr Aktivit\u00e4ten des Botanischen Gartens und des Vereins schaffen.<\/p>\n<p>Um weitere Projekte umsetzen zu k\u00f6nnen, freuen wir uns \u00fcber jede erdenkliche Unterst\u00fctzung. Vielleicht sind auch Sie daran interessiert, dieses Kleinod im Herzen unseres Wuppertals zu erhalten? Werden Sie F\u00f6rdermitglied! Mit 25 Euro im Jahr sind Sie dabei.<\/p>\n<p>Wir w\u00fcnschen Ihnen viel Freude und sch\u00f6ne Stunden im Botanischen Garten Wuppertal.<\/p>\n<p><em>Prof. Dr. Gela Preisfeld<\/em><\/p>\n<p><strong>Vorsitzende <\/strong>Verein der Freunde und F\u00f6rderer des Botanischen Gartens Wuppertal e.V.<\/p>\n<p>&nbsp;<\/p>\n<p><strong>Kontoverbindung:<\/strong><br \/>\nF\u00f6rderverein Botanischer Garten Wuppertal e.V.<br \/>\nKontonummer: 603845<br \/>\nBLZ: 330 500 00 Stadtsparkasse Wuppertal<\/p>\n<\/div>\n","protected":false},"excerpt":{"rendered":"<p>Der Verein der Freunde und F\u00f6rderer des Botanische Garten Wuppertal e.V.\u00a0 Der Verein wurde Ende 1993 gegr\u00fcndet und hat sich als Ziel gesetzt, die Attraktivit\u00e4t des Gartens zu steigern, den Garten in seinen Aufgaben zu unterst\u00fctzen und somit seine Existenz &hellip; <a href=\"http:\/\/www.botanischer-garten-wuppertal.de\/wordpress\/?page_id=100\">Weiterlesen <span class=\"meta-nav\">&rarr;<\/span><\/a><\/p>\n","protected":false},"author":1,"featured_media":0,"parent":0,"menu_order":1,"comment_status":"closed","ping_status":"closed","template":"onecolumn-page.php","meta":{"footnotes":""},"class_list":["post-100","page","type-page","status-publish","hentry"],"_links":{"self":[{"href":"http:\/\/www.botanischer-garten-wuppertal.de\/wordpress\/index.php?rest_route=\/wp\/v2\/pages\/100","targetHints":{"allow":["GET"]}}],"collection":[{"href":"http:\/\/www.botanischer-garten-wuppertal.de\/wordpress\/index.php?rest_route=\/wp\/v2\/pages"}],"about":[{"href":"http:\/\/www.botanischer-garten-wuppertal.de\/wordpress\/index.php?rest_route=\/wp\/v2\/types\/page"}],"author":[{"embeddable":true,"href":"http:\/\/www.botanischer-garten-wuppertal.de\/wordpress\/index.php?rest_route=\/wp\/v2\/users\/1"}],"replies":[{"embeddable":true,"href":"http:\/\/www.botanischer-garten-wuppertal.de\/wordpress\/index.php?rest_route=%2Fwp%2Fv2%2Fcomments&post=100"}],"version-history":[{"count":19,"href":"http:\/\/www.botanischer-garten-wuppertal.de\/wordpress\/index.php?rest_route=\/wp\/v2\/pages\/100\/revisions"}],"predecessor-version":[{"id":2132,"href":"http:\/\/www.botanischer-garten-wuppertal.de\/wordpress\/index.php?rest_route=\/wp\/v2\/pages\/100\/revisions\/2132"}],"wp:attachment":[{"href":"http:\/\/www.botanischer-garten-wuppertal.de\/wordpress\/index.php?rest_route=%2Fwp%2Fv2%2Fmedia&parent=100"}],"curies":[{"name":"wp","href":"https:\/\/api.w.org\/{rel}","templated":true}]}}